
{"id":85071,"date":"2025-07-31T10:45:44","date_gmt":"2025-07-31T10:45:44","guid":{"rendered":"https:\/\/azurefilm.com\/?post_type=product&#038;p=85071"},"modified":"2026-04-04T21:04:28","modified_gmt":"2026-04-04T21:04:28","slug":"super-pack-pla-black-white","status":"publish","type":"product","link":"https:\/\/azurefilm.com\/sl\/izdelek\/super-pack-pla-black-white\/","title":{"rendered":"SUPER PACK PLA BLACK &#038; WHITE"},"content":{"rendered":"<h2><b>Refill PLA<\/b><\/h2>\n<p><span style=\"font-weight: 400;\">Refill PLA filamenti imajo popolnoma enake lastnosti kot na\u0161 PLA Original. Ti filamenti so <\/span><b>okolju prijazna izbira<\/b><span style=\"font-weight: 400;\">, ki ponuja dosledne rezultate. Poleg tega so na\u0161i Refill PLA filamenti <\/span><b>enostavni za uporabo<\/b><span style=\"font-weight: 400;\"> ter <\/span><b>odli\u010dna izbira za za\u010detnike<\/b><span style=\"font-weight: 400;\">.<\/span><\/p>\n<h3><strong>Kaj je novega?<\/strong><\/h3>\n<ul>\n<li><span style=\"font-weight: 400;\">Odstranili smo plasti\u010dne vezice ter jih nadomestili z bolj\u0161o alternativo za la\u017eje razpakiranje.<\/span><\/li>\n<li><span style=\"font-weight: 400;\">Konec filamenta je sedaj popolnoma raven. To prepre\u010duje, da bi se konica zagozdila v kolutu in uni\u010dila va\u0161 tisk, ko zmanjka filamenta.<\/span><\/li>\n<li><b>Popolna zdru\u017eljivost z AzureFilm in Bambu Lab koluti.<\/b><\/li>\n<\/ul>\n<h3><strong>Priporo\u010dila za tiskanje:<\/strong><\/h3>\n<ul>\n<li style=\"font-weight: 400;\" aria-level=\"1\"><span style=\"font-weight: 400;\">Za najbolj\u0161e rezultate tiskajte pri temperaturi 200\u2013230 \u00b0C.*<\/span><\/li>\n<li style=\"font-weight: 400;\" aria-level=\"1\"><span style=\"font-weight: 400;\">Ogrevane mize ne potrebujete, vendar priporo\u010damo, da jo segrejete na 50\u201360 \u00b0C.<\/span><\/li>\n<li style=\"font-weight: 400;\" aria-level=\"1\"><span style=\"font-weight: 400;\">Uporabite stekleno plo\u0161\u010do, PEI folijo, kapton ali modri trak za tiskalno povr\u0161ino s pr\u0161ilom 3Dlac.<\/span><\/li>\n<\/ul>\n<p><i><span style=\"font-weight: 400;\">*Idealna temperatura se lahko razlikuje pri uporabi razli\u010dnih tiskalnikov.<\/span><\/i><\/p>\n\n  \n    <div class=\"row large-columns-4 medium-columns-3 small-columns-2\" >\n  <div class=\"gallery-col col\" >\n          <div class=\"col-inner\">\n            <a class=\"image-lightbox lightbox-gallery\" href=\"https:\/\/azurefilm.com\/wp-content\/uploads\/3-12-1024x1024.jpg\" title=\"\">            <div class=\"box has-hover gallery-box box-overlay dark\">\n              <div class=\"box-image\" >\n                <img loading=\"lazy\" decoding=\"async\" width=\"300\" height=\"300\" src=\"https:\/\/azurefilm.com\/wp-content\/uploads\/3-12-300x300.jpg\" class=\"attachment-medium size-medium\" alt=\"\" ids=\"75649,75679,75667,75661,75673,75655,75685,75691\" srcset=\"https:\/\/azurefilm.com\/wp-content\/uploads\/3-12-300x300.jpg 300w, https:\/\/azurefilm.com\/wp-content\/uploads\/3-12-274x274.jpg 274w, https:\/\/azurefilm.com\/wp-content\/uploads\/3-12-100x100.jpg 100w, https:\/\/azurefilm.com\/wp-content\/uploads\/3-12-510x510.jpg 510w, https:\/\/azurefilm.com\/wp-content\/uploads\/3-12-1024x1024.jpg 1024w, https:\/\/azurefilm.com\/wp-content\/uploads\/3-12-150x150.jpg 150w, https:\/\/azurefilm.com\/wp-content\/uploads\/3-12-768x768.jpg 768w, https:\/\/azurefilm.com\/wp-content\/uploads\/3-12.jpg 1200w\" sizes=\"auto, (max-width: 300px) 100vw, 300px\" title=\"\">                                  <div class=\"overlay fill\"\n                      style=\"background-color: rgba(0,0,0,.15)\">\n                  <\/div>\n                                                              <\/div>\n              <div class=\"box-text text-left\" >\n                 <p><\/p>\n              <\/div>\n            <\/div>\n            <\/a>          <\/div>\n         <\/div><div class=\"gallery-col col\" >\n          <div class=\"col-inner\">\n            <a class=\"image-lightbox lightbox-gallery\" href=\"https:\/\/azurefilm.com\/wp-content\/uploads\/8-8-1024x1024.jpg\" title=\"\">            <div class=\"box has-hover gallery-box box-overlay dark\">\n              <div class=\"box-image\" >\n                <img loading=\"lazy\" decoding=\"async\" width=\"300\" height=\"300\" src=\"https:\/\/azurefilm.com\/wp-content\/uploads\/8-8-300x300.jpg\" class=\"attachment-medium size-medium\" alt=\"\" ids=\"75649,75679,75667,75661,75673,75655,75685,75691\" srcset=\"https:\/\/azurefilm.com\/wp-content\/uploads\/8-8-300x300.jpg 300w, https:\/\/azurefilm.com\/wp-content\/uploads\/8-8-274x274.jpg 274w, https:\/\/azurefilm.com\/wp-content\/uploads\/8-8-100x100.jpg 100w, https:\/\/azurefilm.com\/wp-content\/uploads\/8-8-510x510.jpg 510w, https:\/\/azurefilm.com\/wp-content\/uploads\/8-8-1024x1024.jpg 1024w, https:\/\/azurefilm.com\/wp-content\/uploads\/8-8-150x150.jpg 150w, https:\/\/azurefilm.com\/wp-content\/uploads\/8-8-768x768.jpg 768w, https:\/\/azurefilm.com\/wp-content\/uploads\/8-8.jpg 1200w\" sizes=\"auto, (max-width: 300px) 100vw, 300px\" title=\"\">                                  <div class=\"overlay fill\"\n                      style=\"background-color: rgba(0,0,0,.15)\">\n                  <\/div>\n                                                              <\/div>\n              <div class=\"box-text text-left\" >\n                 <p><\/p>\n              <\/div>\n            <\/div>\n            <\/a>          <\/div>\n         <\/div><div class=\"gallery-col col\" >\n          <div class=\"col-inner\">\n            <a class=\"image-lightbox lightbox-gallery\" href=\"https:\/\/azurefilm.com\/wp-content\/uploads\/6-11-1024x1024.jpg\" title=\"\">            <div class=\"box has-hover gallery-box box-overlay dark\">\n              <div class=\"box-image\" >\n                <img loading=\"lazy\" decoding=\"async\" width=\"300\" height=\"300\" src=\"https:\/\/azurefilm.com\/wp-content\/uploads\/6-11-300x300.jpg\" class=\"attachment-medium size-medium\" alt=\"\" ids=\"75649,75679,75667,75661,75673,75655,75685,75691\" srcset=\"https:\/\/azurefilm.com\/wp-content\/uploads\/6-11-300x300.jpg 300w, https:\/\/azurefilm.com\/wp-content\/uploads\/6-11-274x274.jpg 274w, https:\/\/azurefilm.com\/wp-content\/uploads\/6-11-100x100.jpg 100w, https:\/\/azurefilm.com\/wp-content\/uploads\/6-11-510x510.jpg 510w, https:\/\/azurefilm.com\/wp-content\/uploads\/6-11-1024x1024.jpg 1024w, https:\/\/azurefilm.com\/wp-content\/uploads\/6-11-150x150.jpg 150w, https:\/\/azurefilm.com\/wp-content\/uploads\/6-11-768x768.jpg 768w, https:\/\/azurefilm.com\/wp-content\/uploads\/6-11.jpg 1200w\" sizes=\"auto, (max-width: 300px) 100vw, 300px\" title=\"\">                                  <div class=\"overlay fill\"\n                      style=\"background-color: rgba(0,0,0,.15)\">\n                  <\/div>\n                                                              <\/div>\n              <div class=\"box-text text-left\" >\n                 <p><\/p>\n              <\/div>\n            <\/div>\n            <\/a>          <\/div>\n         <\/div><div class=\"gallery-col col\" >\n          <div class=\"col-inner\">\n            <a class=\"image-lightbox lightbox-gallery\" href=\"https:\/\/azurefilm.com\/wp-content\/uploads\/5-12-1024x1024.jpg\" title=\"\">            <div class=\"box has-hover gallery-box box-overlay dark\">\n              <div class=\"box-image\" >\n                <img loading=\"lazy\" decoding=\"async\" width=\"300\" height=\"300\" src=\"https:\/\/azurefilm.com\/wp-content\/uploads\/5-12-300x300.jpg\" class=\"attachment-medium size-medium\" alt=\"\" ids=\"75649,75679,75667,75661,75673,75655,75685,75691\" srcset=\"https:\/\/azurefilm.com\/wp-content\/uploads\/5-12-300x300.jpg 300w, https:\/\/azurefilm.com\/wp-content\/uploads\/5-12-274x274.jpg 274w, https:\/\/azurefilm.com\/wp-content\/uploads\/5-12-100x100.jpg 100w, https:\/\/azurefilm.com\/wp-content\/uploads\/5-12-510x510.jpg 510w, https:\/\/azurefilm.com\/wp-content\/uploads\/5-12-1024x1024.jpg 1024w, https:\/\/azurefilm.com\/wp-content\/uploads\/5-12-150x150.jpg 150w, https:\/\/azurefilm.com\/wp-content\/uploads\/5-12-768x768.jpg 768w, https:\/\/azurefilm.com\/wp-content\/uploads\/5-12.jpg 1200w\" sizes=\"auto, (max-width: 300px) 100vw, 300px\" title=\"\">                                  <div class=\"overlay fill\"\n                      style=\"background-color: rgba(0,0,0,.15)\">\n                  <\/div>\n                                                              <\/div>\n              <div class=\"box-text text-left\" >\n                 <p><\/p>\n              <\/div>\n            <\/div>\n            <\/a>          <\/div>\n         <\/div><div class=\"gallery-col col\" >\n          <div class=\"col-inner\">\n            <a class=\"image-lightbox lightbox-gallery\" href=\"https:\/\/azurefilm.com\/wp-content\/uploads\/7-8-1024x1024.jpg\" title=\"\">            <div class=\"box has-hover gallery-box box-overlay dark\">\n              <div class=\"box-image\" >\n                <img loading=\"lazy\" decoding=\"async\" width=\"300\" height=\"300\" src=\"https:\/\/azurefilm.com\/wp-content\/uploads\/7-8-300x300.jpg\" class=\"attachment-medium size-medium\" alt=\"\" ids=\"75649,75679,75667,75661,75673,75655,75685,75691\" srcset=\"https:\/\/azurefilm.com\/wp-content\/uploads\/7-8-300x300.jpg 300w, https:\/\/azurefilm.com\/wp-content\/uploads\/7-8-274x274.jpg 274w, https:\/\/azurefilm.com\/wp-content\/uploads\/7-8-100x100.jpg 100w, https:\/\/azurefilm.com\/wp-content\/uploads\/7-8-510x510.jpg 510w, https:\/\/azurefilm.com\/wp-content\/uploads\/7-8-1024x1024.jpg 1024w, https:\/\/azurefilm.com\/wp-content\/uploads\/7-8-150x150.jpg 150w, https:\/\/azurefilm.com\/wp-content\/uploads\/7-8-768x768.jpg 768w, https:\/\/azurefilm.com\/wp-content\/uploads\/7-8.jpg 1200w\" sizes=\"auto, (max-width: 300px) 100vw, 300px\" title=\"\">                                  <div class=\"overlay fill\"\n                      style=\"background-color: rgba(0,0,0,.15)\">\n                  <\/div>\n                                                              <\/div>\n              <div class=\"box-text text-left\" >\n                 <p><\/p>\n              <\/div>\n            <\/div>\n            <\/a>          <\/div>\n         <\/div><div class=\"gallery-col col\" >\n          <div class=\"col-inner\">\n            <a class=\"image-lightbox lightbox-gallery\" href=\"https:\/\/azurefilm.com\/wp-content\/uploads\/4-12-1024x1024.jpg\" title=\"\">            <div class=\"box has-hover gallery-box box-overlay dark\">\n              <div class=\"box-image\" >\n                <img loading=\"lazy\" decoding=\"async\" width=\"300\" height=\"300\" src=\"https:\/\/azurefilm.com\/wp-content\/uploads\/4-12-300x300.jpg\" class=\"attachment-medium size-medium\" alt=\"\" ids=\"75649,75679,75667,75661,75673,75655,75685,75691\" srcset=\"https:\/\/azurefilm.com\/wp-content\/uploads\/4-12-300x300.jpg 300w, https:\/\/azurefilm.com\/wp-content\/uploads\/4-12-274x274.jpg 274w, https:\/\/azurefilm.com\/wp-content\/uploads\/4-12-100x100.jpg 100w, https:\/\/azurefilm.com\/wp-content\/uploads\/4-12-510x510.jpg 510w, https:\/\/azurefilm.com\/wp-content\/uploads\/4-12-1024x1024.jpg 1024w, https:\/\/azurefilm.com\/wp-content\/uploads\/4-12-150x150.jpg 150w, https:\/\/azurefilm.com\/wp-content\/uploads\/4-12-768x768.jpg 768w, https:\/\/azurefilm.com\/wp-content\/uploads\/4-12.jpg 1200w\" sizes=\"auto, (max-width: 300px) 100vw, 300px\" title=\"\">                                  <div class=\"overlay fill\"\n                      style=\"background-color: rgba(0,0,0,.15)\">\n                  <\/div>\n                                                              <\/div>\n              <div class=\"box-text text-left\" >\n                 <p><\/p>\n              <\/div>\n            <\/div>\n            <\/a>          <\/div>\n         <\/div><div class=\"gallery-col col\" >\n          <div class=\"col-inner\">\n            <a class=\"image-lightbox lightbox-gallery\" href=\"https:\/\/azurefilm.com\/wp-content\/uploads\/9-10-1024x1024.jpg\" title=\"\">            <div class=\"box has-hover gallery-box box-overlay dark\">\n              <div class=\"box-image\" >\n                <img loading=\"lazy\" decoding=\"async\" width=\"300\" height=\"300\" src=\"https:\/\/azurefilm.com\/wp-content\/uploads\/9-10-300x300.jpg\" class=\"attachment-medium size-medium\" alt=\"\" ids=\"75649,75679,75667,75661,75673,75655,75685,75691\" srcset=\"https:\/\/azurefilm.com\/wp-content\/uploads\/9-10-300x300.jpg 300w, https:\/\/azurefilm.com\/wp-content\/uploads\/9-10-274x274.jpg 274w, https:\/\/azurefilm.com\/wp-content\/uploads\/9-10-100x100.jpg 100w, https:\/\/azurefilm.com\/wp-content\/uploads\/9-10-510x510.jpg 510w, https:\/\/azurefilm.com\/wp-content\/uploads\/9-10-1024x1024.jpg 1024w, https:\/\/azurefilm.com\/wp-content\/uploads\/9-10-150x150.jpg 150w, https:\/\/azurefilm.com\/wp-content\/uploads\/9-10-768x768.jpg 768w, https:\/\/azurefilm.com\/wp-content\/uploads\/9-10.jpg 1200w\" sizes=\"auto, (max-width: 300px) 100vw, 300px\" title=\"\">                                  <div class=\"overlay fill\"\n                      style=\"background-color: rgba(0,0,0,.15)\">\n                  <\/div>\n                                                              <\/div>\n              <div class=\"box-text text-left\" >\n                 <p><\/p>\n              <\/div>\n            <\/div>\n            <\/a>          <\/div>\n         <\/div><div class=\"gallery-col col\" >\n          <div class=\"col-inner\">\n            <a class=\"image-lightbox lightbox-gallery\" href=\"https:\/\/azurefilm.com\/wp-content\/uploads\/10-11-1024x1024.jpg\" title=\"\">            <div class=\"box has-hover gallery-box box-overlay dark\">\n              <div class=\"box-image\" >\n                <img loading=\"lazy\" decoding=\"async\" width=\"300\" height=\"300\" src=\"https:\/\/azurefilm.com\/wp-content\/uploads\/10-11-300x300.jpg\" class=\"attachment-medium size-medium\" alt=\"\" ids=\"75649,75679,75667,75661,75673,75655,75685,75691\" srcset=\"https:\/\/azurefilm.com\/wp-content\/uploads\/10-11-300x300.jpg 300w, https:\/\/azurefilm.com\/wp-content\/uploads\/10-11-274x274.jpg 274w, https:\/\/azurefilm.com\/wp-content\/uploads\/10-11-100x100.jpg 100w, https:\/\/azurefilm.com\/wp-content\/uploads\/10-11-510x510.jpg 510w, https:\/\/azurefilm.com\/wp-content\/uploads\/10-11-1024x1024.jpg 1024w, https:\/\/azurefilm.com\/wp-content\/uploads\/10-11-150x150.jpg 150w, https:\/\/azurefilm.com\/wp-content\/uploads\/10-11-768x768.jpg 768w, https:\/\/azurefilm.com\/wp-content\/uploads\/10-11.jpg 1200w\" sizes=\"auto, (max-width: 300px) 100vw, 300px\" title=\"\">                                  <div class=\"overlay fill\"\n                      style=\"background-color: rgba(0,0,0,.15)\">\n                  <\/div>\n                                                              <\/div>\n              <div class=\"box-text text-left\" >\n                 <p><\/p>\n              <\/div>\n            <\/div>\n            <\/a>          <\/div>\n         <\/div><\/div>\n<div class=\"is-divider divider clearfix\" style=\"max-width:100%;height:1px;background-color:rgb(17, 107, 168);\"><\/div>\n<p><span style=\"font-weight: 400;\">Na\u0161i Refill PLA filamenti so popolnoma zdru\u017eljivi z <\/span><a href=\"https:\/\/azurefilm.com\/sl\/izdelek\/azurefilm-master-spool-1-gratis\/\" target=\"_blank\" rel=\"noopener\"><strong>AzureFilm Master Spool-om<\/strong><\/a><span style=\"font-weight: 400;\"> &#8211; <\/span><b>edinim kolutom, ki ga boste potrebovali<\/b><span style=\"font-weight: 400;\">. Z nakupom koluta za ve\u010dkratno uporabo se nam lahko pridru\u017eite pri zmanj\u0161evanju odpadkov in zmanj\u0161anju vpliva na okolje.<\/span><\/p>\n<p><span style=\"font-weight: 400;\">AzureFilm Master Spool<\/span><span style=\"font-weight: 400;\"> je na\u0161 <\/span><b>kolut za ve\u010dkratno uporabo<\/b><span style=\"font-weight: 400;\">, ki omogo\u010da <\/span><b>trajnostno in ugodno re\u0161itev<\/b><span style=\"font-weight: 400;\"> za 3D tiskanje. Kolut je komplet <\/span><b>dveh brizganih diskov<\/b><span style=\"font-weight: 400;\">, kar mu zagotavlja visoko vzdr\u017eljivost in natan\u010dnost.<\/span><\/p>\n<p><span style=\"font-weight: 400;\">Z nakupom in ponovno uporabo na\u0161ega Master <\/span><span style=\"font-weight: 400;\">Spool-a<\/span><span style=\"font-weight: 400;\"> prispevate k \u010distej\u0161emu okolju, medtem ko u\u017eivate v zanesljivem izdelku, ki je preprost za uporabo in zdru\u017eljiv z ve\u010dino 3D tiskalnikov.<\/span><\/p>\n<div style=\"padding: 56.25% 0 0 0; position: relative;\"><iframe style=\"position: absolute; top: 0; left: 0; width: 100%; height: 100%;\" title=\"AzureFilm Master Spool\" src=\"https:\/\/player.vimeo.com\/video\/954356184?badge=0&amp;autopause=0&amp;player_id=0&amp;app_id=58479\" frameborder=\"0\"><\/iframe><\/div>\n<p><script src=\"https:\/\/player.vimeo.com\/api\/player.js\"><\/script><\/p>\n<div class=\"is-divider divider clearfix\" style=\"max-width:100%;height:1px;background-color:rgb(17, 107, 168);\"><\/div>\n<h2><strong>Zna\u010dilnosti<\/strong><\/h2>\n<table>\n<thead>\n<tr>\n<th><b>Zna\u010dilost<\/b><\/th>\n<th><b>Vrednost<\/b><\/th>\n<\/tr>\n<tr>\n<td><span style=\"font-weight: 400;\">\u00a0Fleksibilnost<\/span><\/td>\n<td><span style=\"font-weight: 400;\">Nizka<\/span><\/td>\n<\/tr>\n<tr>\n<td><span style=\"font-weight: 400;\">\u00a0Mo\u010d<\/span><\/td>\n<td><span style=\"font-weight: 400;\">Srednja<\/span><\/td>\n<\/tr>\n<tr>\n<td><span style=\"font-weight: 400;\">\u00a0Vzdr\u017eljivost<\/span><\/td>\n<td><span style=\"font-weight: 400;\">Srednja<\/span><\/td>\n<\/tr>\n<tr>\n<td><span style=\"font-weight: 400;\">\u00a0Te\u017eavnost uporabe<\/span><\/td>\n<td><span style=\"font-weight: 400;\">Nizka<\/span><\/td>\n<\/tr>\n<tr>\n<td><span style=\"font-weight: 400;\">\u00a0Kr\u010denje \/ uvijanje<\/span><\/td>\n<td><span style=\"font-weight: 400;\">Minimalno<\/span><\/td>\n<\/tr>\n<tr>\n<td><span style=\"font-weight: 400;\">\u00a0Topen<\/span><\/td>\n<td><span style=\"font-weight: 400;\">Ne<\/span><\/td>\n<\/tr>\n<tr>\n<td><span style=\"font-weight: 400;\">\u00a0Premer na voljo<\/span><\/td>\n<td><span style=\"font-weight: 400;\">1,75 mm<\/span><\/td>\n<\/tr>\n<tr>\n<td><span style=\"font-weight: 400;\">\u00a0Proizvajalec<\/span><\/td>\n<td><span style=\"font-weight: 400;\">AzureFilm<\/span><\/td>\n<\/tr>\n<\/thead>\n<\/table>\n<p><span style=\"font-weight: 400;\">\u010ce \u017eelite izvedeti ve\u010d o PLA filamentih, preberite na\u0161 <a href=\"https:\/\/azurefilm.com\/sl\/2023\/07\/04\/pla-filamenti-vse-kar-morate-vedeti\/\" target=\"_blank\" rel=\"noopener\"><strong>blog<\/strong><\/a>.<\/span><\/p>\n<p><span style=\"font-weight: 400;\">Tukaj lahko dostopate do<\/span><a href=\"https:\/\/azurefilm.com\/sl\/technical-data-sheets\/\" target=\"_blank\" rel=\"noopener\"><b> tehni\u010dnega lista<\/b><\/a><span style=\"font-weight: 400;\">.<\/span><\/p>\n","protected":false},"excerpt":{"rendered":"<p><span style=\"font-weight: 400;\">Privo\u0161\u010dite si na\u0161 ekskluzivni Refill PLA Original Black &amp; White 10-pack z <\/span><b>dvema BREZPLA\u010cNIMA Master Spool-oma <\/b><span style=\"font-weight: 400;\">\u2013 omejene koli\u010dine, najbolj\u0161a cena in <\/span><b>30-dnevna garancija brez tveganja<\/b><span style=\"font-weight: 400;\">!<\/span><\/p>\n","protected":false},"featured_media":85079,"comment_status":"closed","ping_status":"closed","template":"","meta":{"_acf_changed":false},"product_brand":[],"product_cat":[2777,659,663,685,689,697,805,661,759],"product_tag":[1524],"brand":[],"class_list":{"0":"post-85071","1":"product","2":"type-product","3":"status-publish","4":"has-post-thumbnail","6":"product_cat-pla-super-paketi-sl","7":"product_cat-3d-filamenti","8":"product_cat-paketi","9":"product_cat-pla-filament-sl","10":"product_cat-pla-original-sl","11":"product_cat-refill-filament-brez-koluta-sl","12":"product_cat-refill-pla-original-sl","13":"product_cat-vsi-filamenti","14":"product_cat-znizano","15":"product_tag-eko","16":"pa_colour-black","17":"pa_colour-white","18":"pa_filament-diameter-1-75mm","19":"pa_filament-weight-10000g","20":"pa_filament-weight-1000g","22":"first","23":"instock","24":"sale","25":"taxable","26":"shipping-taxable","27":"purchasable","28":"product-type-simple"},"acf":[],"_links":{"self":[{"href":"https:\/\/azurefilm.com\/sl\/wp-json\/wp\/v2\/product\/85071","targetHints":{"allow":["GET"]}}],"collection":[{"href":"https:\/\/azurefilm.com\/sl\/wp-json\/wp\/v2\/product"}],"about":[{"href":"https:\/\/azurefilm.com\/sl\/wp-json\/wp\/v2\/types\/product"}],"replies":[{"embeddable":true,"href":"https:\/\/azurefilm.com\/sl\/wp-json\/wp\/v2\/comments?post=85071"}],"wp:featuredmedia":[{"embeddable":true,"href":"https:\/\/azurefilm.com\/sl\/wp-json\/wp\/v2\/media\/85079"}],"wp:attachment":[{"href":"https:\/\/azurefilm.com\/sl\/wp-json\/wp\/v2\/media?parent=85071"}],"wp:term":[{"taxonomy":"product_brand","embeddable":true,"href":"https:\/\/azurefilm.com\/sl\/wp-json\/wp\/v2\/product_brand?post=85071"},{"taxonomy":"product_cat","embeddable":true,"href":"https:\/\/azurefilm.com\/sl\/wp-json\/wp\/v2\/product_cat?post=85071"},{"taxonomy":"product_tag","embeddable":true,"href":"https:\/\/azurefilm.com\/sl\/wp-json\/wp\/v2\/product_tag?post=85071"},{"taxonomy":"brand","embeddable":true,"href":"https:\/\/azurefilm.com\/sl\/wp-json\/wp\/v2\/brand?post=85071"}],"curies":[{"name":"wp","href":"https:\/\/api.w.org\/{rel}","templated":true}]}}