
{"id":88595,"date":"2025-08-13T05:45:18","date_gmt":"2025-08-13T05:45:18","guid":{"rendered":"https:\/\/azurefilm.com\/?post_type=product&#038;p=88595"},"modified":"2026-04-03T21:56:24","modified_gmt":"2026-04-03T21:56:24","slug":"pla-silk-black","status":"publish","type":"product","link":"https:\/\/azurefilm.com\/sl\/izdelek\/pla-silk-black\/","title":{"rendered":"PLA Silk Black"},"content":{"rendered":"<h2><b>PLA Silk<\/b><\/h2>\n<p><span style=\"font-weight: 400\">Spoznajte na\u0161e PLA Silk filamente, posebno izdajo na\u0161e PLA Original linije. PLA Silk filamenti imajo posebne dodatke h klasi\u010dnim PLA filamentom, ki dajejo videz <\/span><b>sijo\u010de, rahlo prosojne in svilnate povr\u0161ine<\/b><span style=\"font-weight: 400\">. Poleg tega ta material <\/span><b>dobro prekriva prehode med plastmi<\/b><span style=\"font-weight: 400\">, ki nastajajo pri tiskanju. PLA Silk filamenti imajo vse tradicionalne PLA lastnosti in zagotavljajo <\/span><b>konsistentne rezultate<\/b><span style=\"font-weight: 400\">. So najbolj\u0161a izbira za 3D tiskanje okrasnih elementov, kot so vaze, figurice, dodatki, pripomo\u010dki za dom in \u0161e veliko ve\u010d.<\/span><\/p>\n<p><span style=\"font-weight: 400\">\u010ce \u017eelite izvedeti ve\u010d o PLA filamentih, preberite na\u0161 <a href=\"https:\/\/azurefilm.com\/sl\/2023\/07\/04\/pla-filamenti\/\" target=\"_blank\" rel=\"noopener\">blog<\/a>.\u00a0<\/span><\/p>\n<p><span style=\"font-weight: 400\">Tukaj lahko dostopate do <a href=\"https:\/\/azurefilm.com\/sl\/technical-data-sheets\/\" target=\"_blank\" rel=\"noopener\">tehni\u010dnega lista<\/a>.<\/span><\/p>\n<h3><strong>Priporo\u010dila za tiskanje:<\/strong><\/h3>\n<ul>\n<li style=\"font-weight: 400\"><span style=\"font-weight: 400\">Za najbolj\u0161e rezultate tiskajte pri temperaturi 220\u2013240 \u00b0C.\u00a0<\/span><\/li>\n<li style=\"font-weight: 400\"><span style=\"font-weight: 400\">Priporo\u010dena temperatura grelne mize je 80 \u00b0C. <\/span><\/li>\n<li style=\"font-weight: 400\"><span style=\"font-weight: 400\">Uporabite stekleno plo\u0161\u010do, PEI folijo, kapton ali modri trak za tiskalno povr\u0161ino s pr\u0161ilom 3Dlac.<\/span><\/li>\n<\/ul>\n<p><i><span style=\"font-weight: 400\">*Idealna temperatura se lahko razlikuje pri uporabi razli\u010dnih tiskalnikov.<\/span><\/i><\/p>\n","protected":false},"excerpt":{"rendered":"<p>Stopite v svet impresivnih, razko\u0161nih in sijo\u010dih 3D tiskov in preizkusite PLA Silk Black.<\/p>\n","protected":false},"featured_media":108925,"comment_status":"closed","ping_status":"closed","template":"","meta":{"_acf_changed":false},"product_brand":[],"product_cat":[692,659,685,661],"product_tag":[],"brand":[823],"class_list":{"0":"post-88595","1":"product","2":"type-product","3":"status-publish","4":"has-post-thumbnail","6":"product_cat-pla-svila-sl","7":"product_cat-3d-filamenti","8":"product_cat-pla-filament-sl","9":"product_cat-vsi-filamenti","10":"pa_colour-crna","11":"pa_filament-diameter-1-75mm-sl","12":"pa_filament-weight-1000g-sl","13":"brand-azurefilm-sl","15":"first","16":"instock","17":"taxable","18":"shipping-taxable","19":"purchasable","20":"product-type-variable","21":"has-default-attributes"},"acf":[],"_links":{"self":[{"href":"https:\/\/azurefilm.com\/sl\/wp-json\/wp\/v2\/product\/88595","targetHints":{"allow":["GET"]}}],"collection":[{"href":"https:\/\/azurefilm.com\/sl\/wp-json\/wp\/v2\/product"}],"about":[{"href":"https:\/\/azurefilm.com\/sl\/wp-json\/wp\/v2\/types\/product"}],"replies":[{"embeddable":true,"href":"https:\/\/azurefilm.com\/sl\/wp-json\/wp\/v2\/comments?post=88595"}],"wp:featuredmedia":[{"embeddable":true,"href":"https:\/\/azurefilm.com\/sl\/wp-json\/wp\/v2\/media\/108925"}],"wp:attachment":[{"href":"https:\/\/azurefilm.com\/sl\/wp-json\/wp\/v2\/media?parent=88595"}],"wp:term":[{"taxonomy":"product_brand","embeddable":true,"href":"https:\/\/azurefilm.com\/sl\/wp-json\/wp\/v2\/product_brand?post=88595"},{"taxonomy":"product_cat","embeddable":true,"href":"https:\/\/azurefilm.com\/sl\/wp-json\/wp\/v2\/product_cat?post=88595"},{"taxonomy":"product_tag","embeddable":true,"href":"https:\/\/azurefilm.com\/sl\/wp-json\/wp\/v2\/product_tag?post=88595"},{"taxonomy":"brand","embeddable":true,"href":"https:\/\/azurefilm.com\/sl\/wp-json\/wp\/v2\/brand?post=88595"}],"curies":[{"name":"wp","href":"https:\/\/api.w.org\/{rel}","templated":true}]}}