
{"id":89527,"date":"2025-08-18T08:51:57","date_gmt":"2025-08-18T08:51:57","guid":{"rendered":"https:\/\/azurefilm.com\/?post_type=product&#038;p=89527"},"modified":"2026-01-14T06:32:09","modified_gmt":"2026-01-14T06:32:09","slug":"pla-silk-dual-color-rose-fortune","status":"publish","type":"product","link":"https:\/\/azurefilm.com\/sl\/izdelek\/pla-silk-dual-color-rose-fortune\/","title":{"rendered":"PLA Silk Dual Color Rose Fortune"},"content":{"rendered":"<h2><b>PLA Silk<\/b><\/h2>\n<p><span style=\"font-weight: 400;\">Spoznajte na\u0161e PLA Silk filamente, posebno izdajo na\u0161e PLA Original linije. PLA Silk filamenti imajo posebne dodatke h klasi\u010dnim PLA filamentom, ki dajejo videz <\/span><b>sijo\u010de, rahlo prosojne in svilnate povr\u0161ine<\/b><span style=\"font-weight: 400;\">. Poleg tega ta material <\/span><b>dobro prekriva prehode med plastmi<\/b><span style=\"font-weight: 400;\">, ki nastajajo pri tiskanju. PLA Silk filamenti imajo vse tradicionalne PLA lastnosti in zagotavljajo <\/span><b>konsistentne rezultate<\/b><span style=\"font-weight: 400;\">. So najbolj\u0161a izbira za 3D tiskanje okrasnih elementov, kot so vaze, figurice, dodatki, pripomo\u010dki za dom in \u0161e veliko ve\u010d.<\/span><\/p>\n<h2><strong>PLA Silk Multicolor<\/strong><\/h2>\n<p><b>PLA Silk Multicolor<\/b><span style=\"font-weight: 400;\"> filamenti zdru\u017eujejo enostavno tiskanje PLA z elegantno, sijo\u010do povr\u0161ino. Z uporabo napredne <\/span><b>ko-ekstruzivne tehnologije<\/b><span style=\"font-weight: 400;\"> so na voljo v <\/span><b>dvo-barvnih in tri-barvnih variantah<\/b><span style=\"font-weight: 400;\">, kjer so <\/span><b>odtenki zdru\u017eeni v eno nit filamenta<\/b><span style=\"font-weight: 400;\">. Rezultat so gladki prehodi barv in <\/span><b>edinstveni vizualni u\u010dinki<\/b><span style=\"font-weight: 400;\">, ki se spreminjajo glede na kot gledanja.<\/span><\/p>\n<p><span style=\"font-weight: 400;\">S svojo sijajno povr\u0161ino in dinami\u010dnim videzom so PLA Silk Multicolor filamenti idealni za dekorativne predmete, umetni\u0161ke projekte, prototipe in predstavitvene modele, ki zahtevajo zanesljivo kakovost tiska in privla\u010den izgled.<\/span><\/p>\n<h3><strong>Priporo\u010dila za tiskanje:<\/strong><\/h3>\n<ul>\n<li style=\"font-weight: 400;\" aria-level=\"1\"><span style=\"font-weight: 400;\">Za najbolj\u0161e rezultate tiskajte pri temperaturi 220\u2013240 \u00b0C.\u00a0<\/span><\/li>\n<li style=\"font-weight: 400;\" aria-level=\"1\"><span style=\"font-weight: 400;\">Priporo\u010dena temperatura grelne mize je 80 \u00b0C. <\/span><\/li>\n<li style=\"font-weight: 400;\" aria-level=\"1\"><span style=\"font-weight: 400;\">Uporabite stekleno plo\u0161\u010do, PEI folijo, kapton ali modri trak za tiskalno povr\u0161ino s pr\u0161ilom 3Dlac.<\/span><\/li>\n<\/ul>\n<p><i><span style=\"font-weight: 400;\">*Idealna temperatura se lahko razlikuje pri uporabi razli\u010dnih tiskalnikov.<\/span><\/i><\/p>\n<p><span style=\"font-weight: 400;\">\u010ce \u017eelite izvedeti ve\u010d o PLA filamentih, preberite na\u0161 <a href=\"https:\/\/azurefilm.com\/sl\/2023\/07\/04\/pla-filamenti\/\" target=\"_blank\" rel=\"noopener\">blog<\/a>.\u00a0<\/span><\/p>\n<p><span style=\"font-weight: 400;\">Tukaj lahko dostopate do <a href=\"https:\/\/azurefilm.com\/sl\/technical-data-sheets\/\" target=\"_blank\" rel=\"noopener\">tehni\u010dnega lista<\/a>.<\/span><\/p>\n","protected":false},"excerpt":{"rendered":"<p>Kupite PLA Silk Dual Color Rose Fortune za sijajno povr\u0161ino in gladke prehode barv pri dekorativnih in predstavitvenih 3D modelih.<\/p>\n","protected":false},"featured_media":91455,"comment_status":"closed","ping_status":"closed","template":"","meta":{"_acf_changed":false},"product_brand":[],"product_cat":[2793,659,685,661],"product_tag":[],"brand":[823],"class_list":{"0":"post-89527","1":"product","2":"type-product","3":"status-publish","4":"has-post-thumbnail","6":"product_cat-pla-svila-vecbarvni-sl","7":"product_cat-3d-filamenti","8":"product_cat-pla-filament-sl","9":"product_cat-vsi-filamenti","10":"pa_colour-roza","11":"pa_colour-rumena","12":"pa_colour-vecbarvna","13":"pa_colour-zlata","14":"pa_filament-diameter-1-75mm-sl","15":"pa_filament-weight-1000g-sl","16":"brand-azurefilm-sl","18":"first","19":"instock","20":"taxable","21":"shipping-taxable","22":"purchasable","23":"product-type-variable","24":"has-default-attributes"},"acf":[],"_links":{"self":[{"href":"https:\/\/azurefilm.com\/sl\/wp-json\/wp\/v2\/product\/89527","targetHints":{"allow":["GET"]}}],"collection":[{"href":"https:\/\/azurefilm.com\/sl\/wp-json\/wp\/v2\/product"}],"about":[{"href":"https:\/\/azurefilm.com\/sl\/wp-json\/wp\/v2\/types\/product"}],"replies":[{"embeddable":true,"href":"https:\/\/azurefilm.com\/sl\/wp-json\/wp\/v2\/comments?post=89527"}],"wp:featuredmedia":[{"embeddable":true,"href":"https:\/\/azurefilm.com\/sl\/wp-json\/wp\/v2\/media\/91455"}],"wp:attachment":[{"href":"https:\/\/azurefilm.com\/sl\/wp-json\/wp\/v2\/media?parent=89527"}],"wp:term":[{"taxonomy":"product_brand","embeddable":true,"href":"https:\/\/azurefilm.com\/sl\/wp-json\/wp\/v2\/product_brand?post=89527"},{"taxonomy":"product_cat","embeddable":true,"href":"https:\/\/azurefilm.com\/sl\/wp-json\/wp\/v2\/product_cat?post=89527"},{"taxonomy":"product_tag","embeddable":true,"href":"https:\/\/azurefilm.com\/sl\/wp-json\/wp\/v2\/product_tag?post=89527"},{"taxonomy":"brand","embeddable":true,"href":"https:\/\/azurefilm.com\/sl\/wp-json\/wp\/v2\/brand?post=89527"}],"curies":[{"name":"wp","href":"https:\/\/api.w.org\/{rel}","templated":true}]}}