
{"id":91892,"date":"2025-09-09T06:44:58","date_gmt":"2025-09-09T06:44:58","guid":{"rendered":"https:\/\/azurefilm.com\/?post_type=product&#038;p=91892"},"modified":"2026-03-25T19:21:09","modified_gmt":"2026-03-25T19:21:09","slug":"bambu-lab-h2s-combo-pro-pack","status":"publish","type":"product","link":"https:\/\/azurefilm.com\/sl\/izdelek\/bambu-lab-h2s-combo-pro-pack\/","title":{"rendered":"Bambu Lab H2S Combo BUNDLE"},"content":{"rendered":"<h2><strong>Bambu Lab H2S \u2013 Va\u0161 osebni proizvodni center<\/strong><\/h2>\n<p><b>Do\u017eivite brezprimeren obseg in natan\u010dnost. Bambu Lab H2S <\/b><span style=\"font-weight: 400;\">je visoko zmogljiv 3D tiskalnik z eno \u0161obo, zasnovan za redefinicijo namizne proizvodnje. H2S se pona\u0161a z <\/span><b>ogromnim obsegom izdelave 340\u00d7320\u00d7340 mm\u00b3 <\/b><span style=\"font-weight: 400;\">in ponuja 120 % ve\u010djo povr\u0161ino tiskanja kot priljubljeni X1 Carbon, kar vam omogo\u010da tiskanje modelov v polni velikosti v enem koraku brez pove\u010danja ali sestavljanja.<\/span><\/p>\n<h2><strong>Ultra hitra zmogljivost industrijske kakovosti<\/strong><\/h2>\n<p><span style=\"font-weight: 400;\">H2S je opremljen z Bambujevim <\/span><b>servo ekstrudirnim sistemom PMSM <\/b><span style=\"font-weight: 400;\">in ponuja<\/span><b> 67 % ve\u010djo ekstrudirno silo <\/b><span style=\"font-weight: 400;\">kot konvencionalne zasnove. V kombinaciji s hitrostjo glave orodja do<\/span><b> 1000 mm\/s <\/b><span style=\"font-weight: 400;\">in pospe\u0161kom<\/span><b> 20.000 mm\/s\u00b2 <\/b><span style=\"font-weight: 400;\">skraj\u0161a \u010das tiskanja za do 30 % v primerjavi s starej\u0161imi modeli, ne da bi pri tem \u017ertvoval kakovost.<\/span><\/p>\n<h2><strong>Izjemna natan\u010dnost, ki traja<\/strong><\/h2>\n<p><b>Vision Encoder<\/b><span style=\"font-weight: 400;\"> z napredno tehnologijo mehanske korekcije zagotavlja <\/span><b>natan\u010dnost pod 50 \u03bcm <\/b><span style=\"font-weight: 400;\">in samodejno kompenzira odstopanje kalibracije, s \u010dimer ohranja industrijske tolerance pri vsakem tiskanju. Njegova <\/span><b>funkcija Auto Hole\/Contour Compensation <\/b><span style=\"font-weight: 400;\">zagotavlja natan\u010dnost na ravni obdelave, kar je idealno za dele, ki zahtevajo natan\u010dno prileganje.<\/span><\/p>\n<h2><strong>In\u017eenirski materiali? Ni problema!<\/strong><\/h2>\n<p><span style=\"font-weight: 400;\">Z vro\u010do <\/span><b>glavo 350 \u00b0C<\/b><span style=\"font-weight: 400;\">, <\/span><b>ogrevano posteljo do 120 \u00b0C <\/b><span style=\"font-weight: 400;\">in <\/span><b>aktivno ogrevano komoro 65 \u00b0C <\/b><span style=\"font-weight: 400;\">je H2S zasnovan za napredne materiale \u2013 od PLA in PETG do ABS, ASA, najlona, me\u0161anic ogljikovih vlaken in drugih.<\/span><\/p>\n<h2><strong>Pametnej\u0161e, varnej\u0161e in zanesljivej\u0161e tiskanje<\/strong><\/h2>\n<p><span style=\"font-weight: 400;\">Vsakemu tiskanju dodajte visokotehnolo\u0161ko zanesljivost. Z<\/span><b> 23 senzorji in 3 vgrajenimi kamerami <\/b><span style=\"font-weight: 400;\">H2S neprekinjeno spremlja vsak trenutek dela, zazna napake in takoj ustavi tisk, da za\u0161\u010diti material in \u010das. Zaznavanje z umetno inteligenco maksimira uspe\u0161nost tiskanja \u2013 tudi v zahtevnih pogojih.<\/span><\/p>\n<h2><strong>Raz\u0161irite svoje ustvarjalne obzorje<\/strong><\/h2>\n<p><span style=\"font-weight: 400;\">H2S je ve\u010d kot le 3D-tiskalnik \u2013 je prava mo\u010d v proizvodnji. Z dodatnimi opcijami, kot so<\/span><b> 10-vatni laser<\/b><span style=\"font-weight: 400;\">, moduli za rezanje in risanje, lahko <\/span><b>gravirate, rezate in risate<\/b><span style=\"font-weight: 400;\">, vse na isti platformi. Poleg tega sistem <\/span><b>Flap Switch Airflow &amp;amp; Filtration System <\/b><span style=\"font-weight: 400;\">podpira tri razli\u010dne na\u010dine delovanja \u2013 Hi-Temp, Low-Temp in Laser. To zagotavlja \u010dist zrak in stabilne toplotne pogoje ne glede na va\u0161o nalogo.<\/span><\/p>\n<p><span style=\"font-weight: 400;\">Sistem <\/span><b>AMS 2 Pro <\/b><span style=\"font-weight: 400;\">z bogatimi funkcijami omogo\u010da nemoteno <\/span><b>ve\u010dbarvno in ve\u010dmaterialno tiskanje <\/b><span style=\"font-weight: 400;\">z integriranim <\/span><b>su\u0161enjem filamentov <\/b><span style=\"font-weight: 400;\">za ve\u010djo zanesljivost \u2013 tudi pri filamentih, ki so ob\u010dutljivi na vlago.<\/span><\/p>\n<h2><strong>Vizualno intuitiven in izdelan za vzdr\u017eljivost<\/strong><\/h2>\n<p><span style=\"font-weight: 400;\">H2S je obdan z <\/span><b>ohi\u0161jem iz litega aluminija <\/b><span style=\"font-weight: 400;\">in ponuja trdno stabilnost za visokohitrostno delovanje v velikem formatu. Njegov eleganten zaslon na dotik je odziven in uporabniku prijazen ter omogo\u010da teko\u010de upravljanje vseh vidikov tiskanja.<\/span><\/p>\n<h2><strong>Zakaj se H2S izstopa<\/strong><\/h2>\n<ul>\n<li style=\"font-weight: 400;\" aria-level=\"1\"><b>Ogromna prostornina <\/b><span style=\"font-weight: 400;\">\u2013 tiskajte polnoformatne stvaritve brez segmentacije<\/span><\/li>\n<li style=\"font-weight: 400;\" aria-level=\"1\"><b>Visoka hitrost izpisa <\/b><span style=\"font-weight: 400;\">\u2013 do 1000 mm\/s; natisne 30 % hitreje<\/span><\/li>\n<li style=\"font-weight: 400;\" aria-level=\"1\"><b>Industrijska natan\u010dnost <\/b><span style=\"font-weight: 400;\">\u2013 Vision Encoder zagotavlja natan\u010dnost pod 50 \u03bcm<\/span><\/li>\n<li style=\"font-weight: 400;\" aria-level=\"1\"><b>Vsestranskost materialov <\/b><span style=\"font-weight: 400;\">\u2013 obdeluje temperaturno ob\u010dutljive in napredne filamente<\/span><\/li>\n<li style=\"font-weight: 400;\" aria-level=\"1\"><b>Pametno spremljanje <\/b><span style=\"font-weight: 400;\">\u2013 varnostni sistemi na podlagi umetne inteligence skrbijo za nemoteno tiskanje<\/span><\/li>\n<li style=\"font-weight: 400;\" aria-level=\"1\"><b>Ve\u010dfunkcionalnost <\/b><span style=\"font-weight: 400;\">\u2013 od 3D-tiska do laserskega graviranja in rezanja<\/span><\/li>\n<li style=\"font-weight: 400;\" aria-level=\"1\"><b>Trpe\u017ena in elegantna zasnova <\/b><span style=\"font-weight: 400;\">\u2013 trpe\u017ena konstrukcija in enostaven za uporabo vmesnik<\/span><\/li>\n<\/ul>\n","protected":false},"excerpt":{"rendered":"<p>Bambu Lab H2S Combo v kombinaciji s 4 kilogrami AzureFilm Refill filamentov in kompletom Master Spool (4 kosi).<\/p>\n<p><span style=\"color: #ed1c24;\"><b>Pomembno: 10W laserski in rezalni modul je opcijski. H2S v na\u0161i ponudbi ne vklju\u010duje laserskega modula.<\/b><\/span><\/p>\n","protected":false},"featured_media":91932,"comment_status":"closed","ping_status":"closed","template":"","meta":{"_acf_changed":false},"product_brand":[],"product_cat":[733,796,736,755,735,759],"product_tag":[],"brand":[829],"class_list":{"0":"post-91892","1":"product","2":"type-product","3":"status-publish","4":"has-post-thumbnail","6":"product_cat-3d-tiskalnik","7":"product_cat-bambu-lab","8":"product_cat-fdm-tiskalnik","9":"product_cat-posebni-paketi","10":"product_cat-vsi-3d-tiskalniki","11":"product_cat-znizano","12":"brand-bambu-lab-sl","14":"first","15":"instock","16":"sale","17":"taxable","18":"shipping-taxable","19":"purchasable","20":"product-type-variable"},"acf":[],"_links":{"self":[{"href":"https:\/\/azurefilm.com\/sl\/wp-json\/wp\/v2\/product\/91892","targetHints":{"allow":["GET"]}}],"collection":[{"href":"https:\/\/azurefilm.com\/sl\/wp-json\/wp\/v2\/product"}],"about":[{"href":"https:\/\/azurefilm.com\/sl\/wp-json\/wp\/v2\/types\/product"}],"replies":[{"embeddable":true,"href":"https:\/\/azurefilm.com\/sl\/wp-json\/wp\/v2\/comments?post=91892"}],"wp:featuredmedia":[{"embeddable":true,"href":"https:\/\/azurefilm.com\/sl\/wp-json\/wp\/v2\/media\/91932"}],"wp:attachment":[{"href":"https:\/\/azurefilm.com\/sl\/wp-json\/wp\/v2\/media?parent=91892"}],"wp:term":[{"taxonomy":"product_brand","embeddable":true,"href":"https:\/\/azurefilm.com\/sl\/wp-json\/wp\/v2\/product_brand?post=91892"},{"taxonomy":"product_cat","embeddable":true,"href":"https:\/\/azurefilm.com\/sl\/wp-json\/wp\/v2\/product_cat?post=91892"},{"taxonomy":"product_tag","embeddable":true,"href":"https:\/\/azurefilm.com\/sl\/wp-json\/wp\/v2\/product_tag?post=91892"},{"taxonomy":"brand","embeddable":true,"href":"https:\/\/azurefilm.com\/sl\/wp-json\/wp\/v2\/brand?post=91892"}],"curies":[{"name":"wp","href":"https:\/\/api.w.org\/{rel}","templated":true}]}}