
{"id":92095,"date":"2025-09-10T06:34:55","date_gmt":"2025-09-10T06:34:55","guid":{"rendered":"https:\/\/azurefilm.com\/?post_type=product&#038;p=92095"},"modified":"2026-02-10T10:25:47","modified_gmt":"2026-02-10T10:25:47","slug":"bambu-lab-h2d-pro-combo-pro-pack","status":"publish","type":"product","link":"https:\/\/azurefilm.com\/sl\/izdelek\/bambu-lab-h2d-pro-combo-pro-pack\/","title":{"rendered":"Bambu Lab H2D Pro Combo BUNDLE"},"content":{"rendered":"<p><span style=\"font-weight: 400;\">Bambu Lab H2D Pro Combo<\/span> <span style=\"font-weight: 400;\">je profesionalni 3D tiskalnik, zasnovan za zahtevna okolja, kjer so natan\u010dnost, zanesljivost in varnost bistvenega pomena. Z aktivno ogrevano komoro, dvojnimi \u0161obami za visoke temperature in mo\u017enostmi povezljivosti za podjetja je idealen za industrijske aplikacije in napredno izdelavo prototipov.<\/span><\/p>\n<h2><strong>Klju\u010dne zna\u010dilnosti:<\/strong><\/h2>\n<ul>\n<li style=\"font-weight: 400;\" aria-level=\"1\"><b>Velik obseg izdelave <\/b><span style=\"font-weight: 400;\">: 325\u00d7320\u00d7325 mm (enojna ekstruzija) \/ do 350\u00d7320\u00d7325 mm (dvojna ekstruzija) za tiskanje velikih delov ali ve\u010d komponent v enem samem postopku.<\/span><span style=\"font-weight: 400;\"><br \/>\n<\/span><\/li>\n<li style=\"font-weight: 400;\" aria-level=\"1\"><b>Visokotemperaturno tiskanje <\/b><span style=\"font-weight: 400;\">: Dvojne \u0161obe, ki lahko dose\u017eejo <\/span><b>350 \u00b0C<\/b><span style=\"font-weight: 400;\">, optimizirane za in\u017eenirske filamente in materiale, oja\u010dane z vlakni.<\/span><span style=\"font-weight: 400;\"><br \/>\n<\/span><\/li>\n<li style=\"font-weight: 400;\" aria-level=\"1\"><b>Aktivno ogrevana komora <\/b><span style=\"font-weight: 400;\">: Vzdr\u017euje temperaturo do <\/span><b>65 \u00b0C<\/b><span style=\"font-weight: 400;\">, kar zagotavlja stabilne rezultate brez upogibanja s tehni\u010dnimi materiali.<\/span><span style=\"font-weight: 400;\"><br \/>\n<\/span><\/li>\n<li style=\"font-weight: 400;\" aria-level=\"1\"><b>Vzdr\u017eljiv sistem \u0161ob <\/b><span style=\"font-weight: 400;\">: Opremljen z <\/span><b>volframovo karbidno \u0161obo (HRA 90)<\/b><span style=\"font-weight: 400;\">, ki zagotavlja dolgotrajno delovanje in odpornost proti obrabi pri tiskanju z abrazivnimi filamenti.<\/span><span style=\"font-weight: 400;\"><br \/>\n<\/span><\/li>\n<li style=\"font-weight: 400;\" aria-level=\"1\"><b>Natan\u010dnost in to\u010dnost <\/b><span style=\"font-weight: 400;\">: Natan\u010dnost gibanja do <\/span><b>50 \u00b5m<\/b><span style=\"font-weight: 400;\">, podprta s sistemom Vision Encoder za dosledno natan\u010dnost plasti.<\/span><span style=\"font-weight: 400;\"><br \/>\n<\/span><\/li>\n<li style=\"font-weight: 400;\" aria-level=\"1\"><b>Povezljivost poslovnega razreda <\/b><span style=\"font-weight: 400;\">: Podpira <\/span><b>WPA2-Enterprise Wi-Fi <\/b><span style=\"font-weight: 400;\">(EAP-PEAP, EAP-TLS, EAP-TTLS), Ethernet in ima <\/span><b>fizi\u010dno stikalo za izklop omre\u017eja <\/b><span style=\"font-weight: 400;\">za varno delovanje.<\/span><span style=\"font-weight: 400;\"><br \/>\n<\/span><\/li>\n<li style=\"font-weight: 400;\" aria-level=\"1\"><b>Zmogljiva strojna oprema <\/b><span style=\"font-weight: 400;\">: Napredni ve\u010djedrni procesorji z namenskim pospe\u0161evanjem umetne inteligence zagotavljajo nemoteno obdelavo kompleksnih tiskalni\u0161kih opravil.<\/span><span style=\"font-weight: 400;\"><br \/>\n<\/span><\/li>\n<li style=\"font-weight: 400;\" aria-level=\"1\"><b>Celoten paket <\/b><span style=\"font-weight: 400;\">: Vklju\u010duje AMS 2 Pro in AMS HT za prilagodljivo upravljanje filamentov.<\/span><span style=\"font-weight: 400;\"><br \/>\n<\/span><\/li>\n<\/ul>\n<h2><strong>Zakaj izbrati H2D Pro?<\/strong><\/h2>\n<p><span style=\"font-weight: 400;\">H2D Pro je zasnovan za profesionalne uporabnike, ki potrebujejo ve\u010d kot le hitrost in kakovost \u2013 zagotavlja <\/span><b>industrijsko zanesljivost, izbolj\u0161ano varnost in napreden toplotni nadzor <\/b><span style=\"font-weight: 400;\">za dosledne rezultate v proizvodnih ali raziskovalno-razvojnih okoljih.<\/span><\/p>\n","protected":false},"excerpt":{"rendered":"<p>Bambu Lab H2D Pro Combo v kompletu s 4 kilogrami AzurerFilm Refill filamentov in in Master Spool 4-pack.<\/p>\n","protected":false},"featured_media":92134,"comment_status":"closed","ping_status":"closed","template":"","meta":{"_acf_changed":false},"product_brand":[],"product_cat":[733,796,736,735,759],"product_tag":[],"brand":[829],"class_list":{"0":"post-92095","1":"product","2":"type-product","3":"status-publish","4":"has-post-thumbnail","6":"product_cat-3d-tiskalnik","7":"product_cat-bambu-lab","8":"product_cat-fdm-tiskalnik","9":"product_cat-vsi-3d-tiskalniki","10":"product_cat-znizano","11":"brand-bambu-lab-sl","13":"first","14":"onbackorder","15":"sale","16":"taxable","17":"shipping-taxable","18":"purchasable","19":"product-type-variable"},"acf":[],"_links":{"self":[{"href":"https:\/\/azurefilm.com\/sl\/wp-json\/wp\/v2\/product\/92095","targetHints":{"allow":["GET"]}}],"collection":[{"href":"https:\/\/azurefilm.com\/sl\/wp-json\/wp\/v2\/product"}],"about":[{"href":"https:\/\/azurefilm.com\/sl\/wp-json\/wp\/v2\/types\/product"}],"replies":[{"embeddable":true,"href":"https:\/\/azurefilm.com\/sl\/wp-json\/wp\/v2\/comments?post=92095"}],"wp:featuredmedia":[{"embeddable":true,"href":"https:\/\/azurefilm.com\/sl\/wp-json\/wp\/v2\/media\/92134"}],"wp:attachment":[{"href":"https:\/\/azurefilm.com\/sl\/wp-json\/wp\/v2\/media?parent=92095"}],"wp:term":[{"taxonomy":"product_brand","embeddable":true,"href":"https:\/\/azurefilm.com\/sl\/wp-json\/wp\/v2\/product_brand?post=92095"},{"taxonomy":"product_cat","embeddable":true,"href":"https:\/\/azurefilm.com\/sl\/wp-json\/wp\/v2\/product_cat?post=92095"},{"taxonomy":"product_tag","embeddable":true,"href":"https:\/\/azurefilm.com\/sl\/wp-json\/wp\/v2\/product_tag?post=92095"},{"taxonomy":"brand","embeddable":true,"href":"https:\/\/azurefilm.com\/sl\/wp-json\/wp\/v2\/brand?post=92095"}],"curies":[{"name":"wp","href":"https:\/\/api.w.org\/{rel}","templated":true}]}}