
{"id":92178,"date":"2025-09-10T07:58:52","date_gmt":"2025-09-10T07:58:52","guid":{"rendered":"https:\/\/azurefilm.com\/?post_type=product&#038;p=92178"},"modified":"2025-11-12T21:18:53","modified_gmt":"2025-11-12T21:18:53","slug":"soba-iz-kaljenega-jekla-bambu-lab-h2d-in-h2s","status":"publish","type":"product","link":"https:\/\/azurefilm.com\/sl\/izdelek\/soba-iz-kaljenega-jekla-bambu-lab-h2d-in-h2s\/","title":{"rendered":"\u0160oba iz kaljenega jekla Bambu Lab H2D in H2S"},"content":{"rendered":"<p><b>\u0160oba iz kaljenega jekla Bambu Lab <\/b><span style=\"font-weight: 400;\">je zdru\u017eljiva s 3D-tiskalniki <\/span><b>H2D, H2S in H2D Pro <\/b><span style=\"font-weight: 400;\">, zasnovana pa je za vzdr\u017eljivost in dosledno delovanje z abrazivnimi in vlakni polnjenimi filamenti.<\/span><\/p>\n<h3><strong>Klju\u010dne lastnosti:<\/strong><\/h3>\n<ul>\n<li style=\"font-weight: 400;\" aria-level=\"1\"><b>Material: <\/b><span style=\"font-weight: 400;\">Kaljeno jeklo za dalj\u0161o \u017eivljenjsko dobo in odpornost proti obrabi<\/span><\/li>\n<li style=\"font-weight: 400;\" aria-level=\"1\"><b>Velikosti \u0161ob: <\/b><span style=\"font-weight: 400;\">0,2 mm, 0,4 mm, 0,6 mm, 0,8 mm \u2013 za natan\u010den nadzor vi\u0161ine sloja in hitrosti tiskanja<\/span><\/li>\n<li style=\"font-weight: 400;\" aria-level=\"1\"><b>Zdru\u017eljivost: <\/b><span style=\"font-weight: 400;\">Brezhibno deluje z <\/span><b>Bambu Lab H2D, H2S in H2D Pro<\/b><\/li>\n<li style=\"font-weight: 400;\" aria-level=\"1\"><b>Primer uporabe: <\/b><span style=\"font-weight: 400;\">Idealno za tiskanje <\/span><b>in\u017eenirskih filamentov <\/b><span style=\"font-weight: 400;\">, kompozitov in drugih abrazivnih materialov brez ogro\u017eanja integritete \u0161obe<\/span><\/li>\n<\/ul>\n<p><span style=\"font-weight: 400;\">Nadgradite svoj tiskalnik s temi \u0161obami in si zagotovite <\/span><b>dosledno ekstruzijo, dolgotrajno delovanje in visokokakovostne rezultate <\/b><span style=\"font-weight: 400;\">na najrazli\u010dnej\u0161ih materialih.<\/span><\/p>\n","protected":false},"excerpt":{"rendered":"<p><span style=\"font-weight: 400;\">\u0160oba iz kaljenega jekla Bambu Lab zagotavlja trpe\u017eno in natan\u010dno tiskanje z abrazivnimi in vlaknastimi filamenti.<\/span><\/p>\n<p><span style=\"font-weight: 400;\">Na voljo je v <\/span><b>debelinah 0,2 mm, 0,4 mm, 0,6 mm in 0,8 mm <\/b><span style=\"font-weight: 400;\">ter brezhibno deluje s <\/span><b>H2D, H2S in H2D Pro <\/b><span style=\"font-weight: 400;\">za <\/span><b>zanesljive in visokokakovostne rezultate <\/b><span style=\"font-weight: 400;\">vsaki\u010d.<\/span><\/p>\n","protected":false},"featured_media":92207,"comment_status":"closed","ping_status":"closed","template":"","meta":{"_acf_changed":false},"product_brand":[],"product_cat":[760,785,786,761],"product_tag":[],"brand":[829],"class_list":{"0":"post-92178","1":"product","2":"type-product","3":"status-publish","4":"has-post-thumbnail","6":"product_cat-rezervni-deli","7":"product_cat-sobe","8":"product_cat-utrjene-sobe-odporne-proti-obrabi","9":"product_cat-vsi-rezervni-deli","10":"pa_compatible-with-bambulab-fdm-3d-printers-sl","11":"pa_fits-printer-bambu-lab-h2d-h2d-pro-h2s","12":"pa_nozzle-diameter-0-2mm-sl","13":"pa_nozzle-diameter-0-4mm-sl","14":"pa_nozzle-diameter-0-6mm-sl","15":"pa_nozzle-diameter-0-8mm-sl","16":"brand-bambu-lab-sl","18":"first","19":"outofstock","20":"taxable","21":"shipping-taxable","22":"purchasable","23":"product-type-variable"},"acf":[],"_links":{"self":[{"href":"https:\/\/azurefilm.com\/sl\/wp-json\/wp\/v2\/product\/92178","targetHints":{"allow":["GET"]}}],"collection":[{"href":"https:\/\/azurefilm.com\/sl\/wp-json\/wp\/v2\/product"}],"about":[{"href":"https:\/\/azurefilm.com\/sl\/wp-json\/wp\/v2\/types\/product"}],"replies":[{"embeddable":true,"href":"https:\/\/azurefilm.com\/sl\/wp-json\/wp\/v2\/comments?post=92178"}],"wp:featuredmedia":[{"embeddable":true,"href":"https:\/\/azurefilm.com\/sl\/wp-json\/wp\/v2\/media\/92207"}],"wp:attachment":[{"href":"https:\/\/azurefilm.com\/sl\/wp-json\/wp\/v2\/media?parent=92178"}],"wp:term":[{"taxonomy":"product_brand","embeddable":true,"href":"https:\/\/azurefilm.com\/sl\/wp-json\/wp\/v2\/product_brand?post=92178"},{"taxonomy":"product_cat","embeddable":true,"href":"https:\/\/azurefilm.com\/sl\/wp-json\/wp\/v2\/product_cat?post=92178"},{"taxonomy":"product_tag","embeddable":true,"href":"https:\/\/azurefilm.com\/sl\/wp-json\/wp\/v2\/product_tag?post=92178"},{"taxonomy":"brand","embeddable":true,"href":"https:\/\/azurefilm.com\/sl\/wp-json\/wp\/v2\/brand?post=92178"}],"curies":[{"name":"wp","href":"https:\/\/api.w.org\/{rel}","templated":true}]}}