
{"id":92189,"date":"2025-09-10T07:59:52","date_gmt":"2025-09-10T07:59:52","guid":{"rendered":"https:\/\/azurefilm.com\/?post_type=product&#038;p=92189"},"modified":"2025-09-10T07:59:57","modified_gmt":"2025-09-10T07:59:57","slug":"soba-bambu-lab-h2d-in-h2s-z-visokim-pretokom-04-mm","status":"publish","type":"product","link":"https:\/\/azurefilm.com\/sl\/izdelek\/soba-bambu-lab-h2d-in-h2s-z-visokim-pretokom-04-mm\/","title":{"rendered":"\u0160oba Bambu Lab H2D in H2S z visokim pretokom 0,4 mm"},"content":{"rendered":"<p><span style=\"font-weight: 400;\">\u0160oba <\/span><b>Bambu Lab Hi Flow <\/b><span style=\"font-weight: 400;\">je zasnovana za 3D-tiskalnike <\/span><b>H2D, H2S in H2D Pro <\/b><span style=\"font-weight: 400;\">, optimizirana za <\/span><b>visokohitrostno tiskanje <\/b><span style=\"font-weight: 400;\">in <\/span><b>ekstruzijo velikih koli\u010din <\/b><span style=\"font-weight: 400;\">. Idealna je za uporabnike, ki \u017eelijo hitrej\u0161e tiskanje brez \u017ertvovanja kakovosti.<\/span><\/p>\n<h3><strong>Klju\u010dne lastnosti:<\/strong><\/h3>\n<ul>\n<li style=\"font-weight: 400;\" aria-level=\"1\"><b>Velikost \u0161obe: <\/b><span style=\"font-weight: 400;\">0,4 mm za uravnote\u017eeno natan\u010dnost in visokopreto\u010dno tiskanje<\/span><\/li>\n<li style=\"font-weight: 400;\" aria-level=\"1\"><b>Zasnova z visokim pretokom: <\/b><span style=\"font-weight: 400;\">Podpira pove\u010dane hitrosti ekstrudiranja za hitrej\u0161e nana\u0161anje plasti<\/span><\/li>\n<li style=\"font-weight: 400;\" aria-level=\"1\"><b>Zdru\u017eljivost: <\/b><span style=\"font-weight: 400;\">Deluje z <\/span><b>Bambu Lab H2D, H2S in H2D Pro<\/b><\/li>\n<li style=\"font-weight: 400;\" aria-level=\"1\"><b>Primer uporabe: <\/b><span style=\"font-weight: 400;\">Idealno za tiskanje <\/span><b>velikih delov <\/b><span style=\"font-weight: 400;\">ali projektov, ki zahtevajo <\/span><b>visokohitrostno proizvodnjo<\/b><\/li>\n<\/ul>\n<p><span style=\"font-weight: 400;\">Nadgradite na <\/span><b>\u0161obo Hi Flow <\/b><span style=\"font-weight: 400;\">za <\/span><b>zanesljivo visokohitrostno tiskanje <\/b><span style=\"font-weight: 400;\">z doslednimi rezultati in kraj\u0161im \u010dasom tiskanja.<\/span><\/p>\n","protected":false},"excerpt":{"rendered":"<p><span style=\"font-weight: 400;\">\u0160oba Bambu Lab Hi Flow 0,4 mm omogo\u010da <\/span><b>hitro in obse\u017eno tiskanje <\/b><span style=\"font-weight: 400;\">brez kompromisov pri kakovosti.<\/span><\/p>\n<p><span style=\"font-weight: 400;\">Zdru\u017eljiv s <\/span><b>H2D, H2S in H2D Pro <\/b><span style=\"font-weight: 400;\">zagotavlja <\/span><b>dosledno ekstruzijo <\/b><span style=\"font-weight: 400;\">za <\/span><b>velike dele in hitro proizvodnjo<\/b><span style=\"font-weight: 400;\">.<\/span><\/p>\n","protected":false},"featured_media":92232,"comment_status":"closed","ping_status":"closed","template":"","meta":{"_acf_changed":false},"product_brand":[],"product_cat":[760,785,786,761],"product_tag":[],"brand":[],"class_list":{"0":"post-92189","1":"product","2":"type-product","3":"status-publish","4":"has-post-thumbnail","6":"product_cat-rezervni-deli","7":"product_cat-sobe","8":"product_cat-utrjene-sobe-odporne-proti-obrabi","9":"product_cat-vsi-rezervni-deli","10":"pa_compatible-with-bambulab-fdm-3d-printers","11":"pa_fits-printer-bambu-lab-h2d-h2d-pro-h2s","13":"first","14":"outofstock","15":"taxable","16":"shipping-taxable","17":"purchasable","18":"product-type-simple"},"acf":[],"_links":{"self":[{"href":"https:\/\/azurefilm.com\/sl\/wp-json\/wp\/v2\/product\/92189","targetHints":{"allow":["GET"]}}],"collection":[{"href":"https:\/\/azurefilm.com\/sl\/wp-json\/wp\/v2\/product"}],"about":[{"href":"https:\/\/azurefilm.com\/sl\/wp-json\/wp\/v2\/types\/product"}],"replies":[{"embeddable":true,"href":"https:\/\/azurefilm.com\/sl\/wp-json\/wp\/v2\/comments?post=92189"}],"wp:featuredmedia":[{"embeddable":true,"href":"https:\/\/azurefilm.com\/sl\/wp-json\/wp\/v2\/media\/92232"}],"wp:attachment":[{"href":"https:\/\/azurefilm.com\/sl\/wp-json\/wp\/v2\/media?parent=92189"}],"wp:term":[{"taxonomy":"product_brand","embeddable":true,"href":"https:\/\/azurefilm.com\/sl\/wp-json\/wp\/v2\/product_brand?post=92189"},{"taxonomy":"product_cat","embeddable":true,"href":"https:\/\/azurefilm.com\/sl\/wp-json\/wp\/v2\/product_cat?post=92189"},{"taxonomy":"product_tag","embeddable":true,"href":"https:\/\/azurefilm.com\/sl\/wp-json\/wp\/v2\/product_tag?post=92189"},{"taxonomy":"brand","embeddable":true,"href":"https:\/\/azurefilm.com\/sl\/wp-json\/wp\/v2\/brand?post=92189"}],"curies":[{"name":"wp","href":"https:\/\/api.w.org\/{rel}","templated":true}]}}