
{"id":92722,"date":"2025-09-19T06:30:17","date_gmt":"2025-09-19T06:30:17","guid":{"rendered":"https:\/\/azurefilm.com\/?post_type=product&#038;p=92722"},"modified":"2026-01-30T21:29:25","modified_gmt":"2026-01-30T21:29:25","slug":"creality-k2-pro-combo","status":"publish","type":"product","link":"https:\/\/azurefilm.com\/sl\/izdelek\/creality-k2-pro-combo\/","title":{"rendered":"Creality K2 Pro Combo"},"content":{"rendered":"<h2><strong>Creality K2 Pro Combo \u2013 naslednja stopnja ve\u010dbarvnega tiskanja in industrijske mo\u010di<\/strong><\/h2>\n<p><span style=\"font-weight: 400;\">Stopite v prihodnost namizne izdelave z <\/span><b>Creality K2 Pro Combo<\/b><span style=\"font-weight: 400;\">: CoreXY pametnim ve\u010dbarvnim 3D-tiskalnikom, zasnovanim za zahtevne uporabnike. Zasnovan za visoko zmogljivost in ve\u010dje projekte, zdru\u017euje natan\u010dnost, hitrost in pametne funkcije v robustni zaprti komori, ki odklepa potencial naprednih materialov.<\/span><\/p>\n<h2><strong>Kaj naredi K2 Pro Combo posebnega<\/strong><\/h2>\n<h3><b>Velikodu\u0161en gradbeni volumen<\/b><b><br \/>\n<\/b><\/h3>\n<p><span style=\"font-weight: 400;\">S prostornino <\/span><b>300\u00d7300\u00d7300 mm<\/b><span style=\"font-weight: 400;\"> lahko natisnete velike projekte \u2013 od celotnih \u010delad do ve\u010d manj\u0161ih modelov v eni sami nalogi \u2013 brez potrebe po rezanju ali spreminjanju velikosti.<\/span><\/p>\n<h3><b>Izjemna hitrost in gladko gibanje<\/b><\/h3>\n<ul>\n<li style=\"font-weight: 400;\" aria-level=\"1\"><span style=\"font-weight: 400;\">Hitrost tiskanja do <\/span><b>600 mm\/s<\/b><\/li>\n<li style=\"font-weight: 400;\" aria-level=\"1\"><span style=\"font-weight: 400;\">Pospe\u0161ek do <\/span><b>20.000 mm\/s\u00b2<\/b><\/li>\n<\/ul>\n<p><span style=\"font-weight: 400;\">Te zmogljivosti premikajo meje namiznega FDM tiskanja in zagotavljajo, da so va\u0161i natisi hitri ter hkrati ostanejo polni detajlov.<\/span><\/p>\n<h3><b>Stabilna, zaprta komora<\/b><b><br \/>\n<\/b><\/h3>\n<p><span style=\"font-weight: 400;\">Aktivno ogrevanje komore do <\/span><b>60 \u00b0C<\/b><span style=\"font-weight: 400;\"> zmanj\u0161uje zvijanje pri tehni\u010dnih materialih, kot so ASA, ABS ali PPA-CF. Zaprta zasnova z ogrevanjem pomeni bolj\u0161o zanesljivost in konstantne rezultate.<\/span><\/p>\n<h3><b>AI-nadzor in pametne funkcije<\/b><b><br \/>\n<\/b><\/h3>\n<p><span style=\"font-weight: 400;\">Dve AI kameri ves \u010das spremljata tiskanje \u2013 samodejno prilagajata pretok in vas opozorita na napake. Pametno samodejno niveliranje, ki izravna samo potrebna obmo\u010dja, pove\u010duje uspe\u0161nost in zmanj\u0161uje pripravljalni \u010das.<\/span><\/p>\n<h3><b>Ve\u010dbarvni \/ ve\u010dmaterialni sistem (CFS)<\/b><b><br \/>\n<\/b><\/h3>\n<p><span style=\"font-weight: 400;\">Razli\u010dica <\/span><i><span style=\"font-weight: 400;\">Combo<\/span><\/i><span style=\"font-weight: 400;\"> vklju\u010duje enoto <\/span><b>CFS<\/b><span style=\"font-weight: 400;\">, ki omogo\u010da do 4 tuljave filamentov, z mo\u017enostjo raz\u0161iritve na 16. Samodejno podajanje, RFID prepoznavanje materialov in su\u0161ilni sistem s sredstvom za vpijanje vlage poskrbijo za urejeno in zanesljivo tiskanje.<\/span><\/p>\n<h3><b>Trpe\u017eni in natan\u010dni gradniki<\/b><\/h3>\n<ul>\n<li style=\"font-weight: 400;\" aria-level=\"1\"><span style=\"font-weight: 400;\">Dvojno gnani direct-drive ekstruder za zanesljiv pretok materiala.<\/span><\/li>\n<li style=\"font-weight: 400;\" aria-level=\"1\"><span style=\"font-weight: 400;\">Fleksibilna PEI plo\u0161\u010da za odli\u010den oprijem in enostavno odstranjevanje modelov.<\/span><\/li>\n<li style=\"font-weight: 400;\" aria-level=\"1\"><span style=\"font-weight: 400;\">Jeklena tri-metal \u0161oba, odporna na abrazivne kompozite.<\/span><\/li>\n<\/ul>\n<h3><b>Prijazen uporabniku<\/b><b><br \/>\n<\/b><\/h3>\n<p><span style=\"font-weight: 400;\">Obnovitev tiska po izpadu elektrike, senzor za konec filamenta, zaznavanje zapletov, ve\u010d na\u010dinov prenosa datotek (USB, WiFi, Ethernet) in tiho delovanje zaradi servo motorjev in optimiziranega hlajenja.<\/span><\/p>\n<h2><strong>Tehni\u010dne specifikacije<\/strong><\/h2>\n<ul>\n<li style=\"font-weight: 400;\" aria-level=\"1\"><b>Gradbeni volumen:<\/b><span style=\"font-weight: 400;\"> 300\u00d7300\u00d7300 mm<\/span><\/li>\n<li style=\"font-weight: 400;\" aria-level=\"1\"><b>Tip tiskalnika:<\/b><span style=\"font-weight: 400;\"> CoreXY zaprti 3D-tiskalnik<\/span><\/li>\n<li style=\"font-weight: 400;\" aria-level=\"1\"><b>Maks. hitrost tiskanja:<\/b><span style=\"font-weight: 400;\"> do 600 mm\/s<\/span><\/li>\n<li style=\"font-weight: 400;\" aria-level=\"1\"><b>Maks. pospe\u0161ek:<\/b><span style=\"font-weight: 400;\"> do 20.000 mm\/s\u00b2<\/span><\/li>\n<li style=\"font-weight: 400;\" aria-level=\"1\"><b>Vi\u0161ina sloja:<\/b><span style=\"font-weight: 400;\"> 0,05 \u2013 0,30 mm<\/span><\/li>\n<li style=\"font-weight: 400;\" aria-level=\"1\"><b>Temperatura \u0161obe:<\/b><span style=\"font-weight: 400;\"> do 300 \u00b0C<\/span><\/li>\n<li style=\"font-weight: 400;\" aria-level=\"1\"><b>Tip \u0161obe:<\/b><span style=\"font-weight: 400;\"> Jeklena tri-metal 0,4 mm (odporna na obrabo, primerna za kompozite)<\/span><\/li>\n<li style=\"font-weight: 400;\" aria-level=\"1\"><b>Hotend sistem:<\/b><span style=\"font-weight: 400;\"> Popolnoma kovinski, visok pretok<\/span><\/li>\n<li style=\"font-weight: 400;\" aria-level=\"1\"><b>Gradbena plo\u0161\u010da:<\/b><span style=\"font-weight: 400;\"> Fleksibilna PEI magnetna plo\u0161\u010da<\/span><\/li>\n<li style=\"font-weight: 400;\" aria-level=\"1\"><b>Temperatura grelne plo\u0161\u010de:<\/b><span style=\"font-weight: 400;\"> do 110 \u00b0C<\/span><\/li>\n<li style=\"font-weight: 400;\" aria-level=\"1\"><b>Temperatura komore:<\/b><span style=\"font-weight: 400;\"> aktivno ogrevana, do 60 \u00b0C<\/span><\/li>\n<li style=\"font-weight: 400;\" aria-level=\"1\"><b>Filament System (CFS):<\/b>\n<ul>\n<li style=\"font-weight: 400;\" aria-level=\"2\"><span style=\"font-weight: 400;\">do 4 koluti na enoto (raz\u0161irljivo do 16)<\/span><\/li>\n<li style=\"font-weight: 400;\" aria-level=\"2\"><span style=\"font-weight: 400;\">samodejno podajanje in menjava filamentov<\/span><\/li>\n<li style=\"font-weight: 400;\" aria-level=\"2\"><span style=\"font-weight: 400;\">RFID prepoznavanje materialov<\/span><\/li>\n<li style=\"font-weight: 400;\" aria-level=\"2\"><span style=\"font-weight: 400;\">vgrajen sistem su\u0161enja s sredstvom za vpijanje vlage<\/span><span style=\"font-weight: 400;\"><br \/>\n<\/span><\/li>\n<\/ul>\n<\/li>\n<li style=\"font-weight: 400;\" aria-level=\"1\"><b>Podprti materiali:<\/b><span style=\"font-weight: 400;\"> PLA, PETG, TPU, ABS, ASA, PA, PC, PLA-CF, PA-CF, PPA-CF in drugi kompoziti<\/span><\/li>\n<li style=\"font-weight: 400;\" aria-level=\"1\"><b>AI funkcije:<\/b>\n<ul>\n<li style=\"font-weight: 400;\" aria-level=\"2\"><span style=\"font-weight: 400;\">Dve AI kameri za nadzor in prilagoditev pretoka<\/span><\/li>\n<li style=\"font-weight: 400;\" aria-level=\"2\"><span style=\"font-weight: 400;\">Zaznavanje napak v realnem \u010dasu<\/span><\/li>\n<li style=\"font-weight: 400;\" aria-level=\"2\"><span style=\"font-weight: 400;\">Pametno samodejno niveliranje s prilagoditvijo samo na potrebnem obmo\u010dju<\/span><\/li>\n<\/ul>\n<\/li>\n<li style=\"font-weight: 400;\" aria-level=\"1\"><b>Povezljivost:<\/b><span style=\"font-weight: 400;\"> WiFi, Ethernet, USB<\/span><\/li>\n<li style=\"font-weight: 400;\" aria-level=\"1\"><b>Uporabni\u0161ki vmesnik:<\/b><span style=\"font-weight: 400;\"> 4,3-pal\u010dni HD zaslon na dotik<\/span><\/li>\n<li style=\"font-weight: 400;\" aria-level=\"1\"><b>Zmanj\u0161anje hrupa:<\/b><span style=\"font-weight: 400;\"> Step-servo motorji in optimizirano hlajenje<\/span><\/li>\n<li style=\"font-weight: 400;\" aria-level=\"1\"><b>Funkcije za obnovitev:<\/b><span style=\"font-weight: 400;\"> Nadaljevanje tiska po izpadu elektrike, zaznavanje konca filamenta, zaznavanje zapletov<\/span><\/li>\n<li style=\"font-weight: 400;\" aria-level=\"1\"><b>Dimenzije tiskalnika:<\/b><span style=\"font-weight: 400;\"> pribl. 550\u00d7550\u00d7660 mm<\/span><\/li>\n<li style=\"font-weight: 400;\" aria-level=\"1\"><b>Te\u017ea:<\/b><span style=\"font-weight: 400;\"> ~35 kg<\/span><span style=\"font-weight: 400;\"><br \/>\n<\/span><\/li>\n<\/ul>\n","protected":false},"excerpt":{"rendered":"<p><span style=\"font-weight: 400;\">Do\u017eivite Creality K2 Pro Combo: <\/span><b>ve\u010dbarvno tiskanje s CFS sistemom<\/b><span style=\"font-weight: 400;\">, izjemne hitrosti do <\/span><b>600 mm\/s<\/b><span style=\"font-weight: 400;\"> in gradbeni volumen <\/span><b>300\u00d7300\u00d7300 mm<\/b><span style=\"font-weight: 400;\">. Z ogrevano komoro, AI-nadzorom in podporo za napredne materiale je ustvarjen za uporabnike, ki \u017eelijo hitrost, natan\u010dnost in vsestranskost v enem profesionalnem paketu.<\/span><\/p>\n","protected":false},"featured_media":93097,"comment_status":"closed","ping_status":"closed","template":"","meta":{"_acf_changed":false},"product_brand":[],"product_cat":[733,739,736,735,759],"product_tag":[],"brand":[],"class_list":{"0":"post-92722","1":"product","2":"type-product","3":"status-publish","4":"has-post-thumbnail","6":"product_cat-3d-tiskalnik","7":"product_cat-creality","8":"product_cat-fdm-tiskalnik","9":"product_cat-vsi-3d-tiskalniki","10":"product_cat-znizano","12":"first","13":"onbackorder","14":"sale","15":"featured","16":"taxable","17":"shipping-taxable","18":"purchasable","19":"product-type-simple"},"acf":[],"_links":{"self":[{"href":"https:\/\/azurefilm.com\/sl\/wp-json\/wp\/v2\/product\/92722","targetHints":{"allow":["GET"]}}],"collection":[{"href":"https:\/\/azurefilm.com\/sl\/wp-json\/wp\/v2\/product"}],"about":[{"href":"https:\/\/azurefilm.com\/sl\/wp-json\/wp\/v2\/types\/product"}],"replies":[{"embeddable":true,"href":"https:\/\/azurefilm.com\/sl\/wp-json\/wp\/v2\/comments?post=92722"}],"wp:featuredmedia":[{"embeddable":true,"href":"https:\/\/azurefilm.com\/sl\/wp-json\/wp\/v2\/media\/93097"}],"wp:attachment":[{"href":"https:\/\/azurefilm.com\/sl\/wp-json\/wp\/v2\/media?parent=92722"}],"wp:term":[{"taxonomy":"product_brand","embeddable":true,"href":"https:\/\/azurefilm.com\/sl\/wp-json\/wp\/v2\/product_brand?post=92722"},{"taxonomy":"product_cat","embeddable":true,"href":"https:\/\/azurefilm.com\/sl\/wp-json\/wp\/v2\/product_cat?post=92722"},{"taxonomy":"product_tag","embeddable":true,"href":"https:\/\/azurefilm.com\/sl\/wp-json\/wp\/v2\/product_tag?post=92722"},{"taxonomy":"brand","embeddable":true,"href":"https:\/\/azurefilm.com\/sl\/wp-json\/wp\/v2\/brand?post=92722"}],"curies":[{"name":"wp","href":"https:\/\/api.w.org\/{rel}","templated":true}]}}