
{"id":92728,"date":"2025-09-18T07:24:32","date_gmt":"2025-09-18T07:24:32","guid":{"rendered":"https:\/\/azurefilm.com\/?post_type=product&#038;p=92728"},"modified":"2026-02-10T10:27:04","modified_gmt":"2026-02-10T10:27:04","slug":"creality-k2-combo-pro-pack","status":"publish","type":"product","link":"https:\/\/azurefilm.com\/sl\/izdelek\/creality-k2-combo-pro-pack\/","title":{"rendered":"Creality K2 Combo BUNDLE"},"content":{"rendered":"<h2><strong>Creality K2 Combo \u2013 hitri ve\u010dbarvni CoreXY, dosegljiv vsakomur<\/strong><\/h2>\n<p><span style=\"font-weight: 400;\">Dvignite svoje tiskanje na vi\u0161ji nivo s tiskalnikom <\/span><b>Creality K2 Combo<\/b><span style=\"font-weight: 400;\"> \u2013 pametnim, hitrim in ve\u010dbarvnim 3D-tiskalnikom, ustvarjenim za uporabnike, ki si \u017eelijo odli\u010dne zmogljivosti brez potrebe po ogromnem formatu. Z uravnote\u017eeno kombinacijo velikosti, hitrosti in pametnih funkcij K2 Combo prina\u0161a profesionalne rezultate v bolj kompaktni obliki.<\/span><\/p>\n<h2><strong>Zakaj je K2 Combo odli\u010dna izbira<\/strong><\/h2>\n<h3><b>Popolna velikost za vsako delavnico<\/b><b><br \/>\n<\/b><\/h3>\n<p><span style=\"font-weight: 400;\">S tiskalno prostornino <\/span><b>260\u00d7260\u00d7260 mm<\/b><span style=\"font-weight: 400;\"> vam K2 Combo ponuja dovolj prostora za tiskanje ve\u010djih prototipov, cosplay delov ali ve\u010d manj\u0161ih modelov hkrati \u2013 brez potrebe po rezanju modelov na ve\u010d delov.<\/span><\/p>\n<h3><b>Hitrost brez kompromisov<\/b><b><br \/>\n<\/b><\/h3>\n<p><span style=\"font-weight: 400;\">S hitrostmi do <\/span><b>600 mm\/s<\/b><span style=\"font-weight: 400;\"> in pospe\u0161ki do <\/span><b>20.000 mm\/s\u00b2<\/b><span style=\"font-weight: 400;\">, ki jih omogo\u010dajo FOC step-servo motorji na X\/Y oseh in ekstruderju, boste natisnili hitro in natan\u010dno.<\/span><\/p>\n<h3><b>Ve\u010dbarvno tiskanje<\/b><b><br \/>\n<\/b><\/h3>\n<p><span style=\"font-weight: 400;\">Razli\u010dica <\/span><i><span style=\"font-weight: 400;\">Combo<\/span><\/i><span style=\"font-weight: 400;\"> vklju\u010duje enoto <\/span><b>CFS (Creality Filament System)<\/b><span style=\"font-weight: 400;\">, ki omogo\u010da samodejno menjavo filamentov in do <\/span><b>16 barv<\/b><span style=\"font-weight: 400;\"> (s 4 CFS enotami). Pametno rezanje in upravljanje filamentov poskrbita za enostavno uporabo.<\/span><\/p>\n<h3><b>Trdna konstrukcija in tiho delovanje<\/b><b><br \/>\n<\/b><\/h3>\n<p><span style=\"font-weight: 400;\">Ogrodje iz aluminija vesoljske kakovosti (exoskeleton) zagotavlja stabilnost tudi pri visokih hitrostih. Skupaj z uravnote\u017eenimi ventilatorji in servo motorji ohranja tiskalnik tih in zanesljiv.<\/span><\/p>\n<h3><b>Pametne funkcije za ve\u010d uspeha<\/b><\/h3>\n<ul>\n<li style=\"font-weight: 400;\" aria-level=\"1\"><span style=\"font-weight: 400;\">Samodejno niveliranje samo tam, kjer je potrebno, prihrani \u010das in pove\u010da natan\u010dnost.<\/span><\/li>\n<li style=\"font-weight: 400;\" aria-level=\"1\"><span style=\"font-weight: 400;\">Senzor za konec filamenta in <\/span><b>magnetni rezalnik<\/b><span style=\"font-weight: 400;\"> poskrbita za \u010disto menjavo materiala.<\/span><\/li>\n<li style=\"font-weight: 400;\" aria-level=\"1\"><span style=\"font-weight: 400;\">Zaznavanje napak pri tisku vas re\u0161i pred izgubo \u010dasa in materiala pri t. i. <\/span><i><span style=\"font-weight: 400;\">spaghetti<\/span><\/i><span style=\"font-weight: 400;\"> izpisih.<\/span><span style=\"font-weight: 400;\"><br \/>\n<\/span><\/li>\n<\/ul>\n<h3><b>\u0160iroka podpora materialom<\/b><b><br \/>\n<\/b><\/h3>\n<p><span style=\"font-weight: 400;\">S hotendom, ki dose\u017ee do <\/span><b>300 \u00b0C<\/b><span style=\"font-weight: 400;\">, in fleksibilno PEI tiskalno plo\u0161\u010do lahko brez te\u017eav tiskate s \u0161tevilnimi materiali, kot so PLA, PETG, PET, ABS, PLA-CF in mnogi drugi.<\/span><\/p>\n<h2><strong>Tehni\u010dne specifikacije<\/strong><\/h2>\n<ul>\n<li style=\"font-weight: 400;\" aria-level=\"1\"><b>Gradbeni volumen:<\/b><span style=\"font-weight: 400;\"> 260\u00d7260\u00d7260 mm<\/span><\/li>\n<li style=\"font-weight: 400;\" aria-level=\"1\"><b>Maks. hitrost \/ pospe\u0161ek:<\/b><span style=\"font-weight: 400;\"> 600 mm\/s, 20.000 mm\/s\u00b2<\/span><\/li>\n<li style=\"font-weight: 400;\" aria-level=\"1\"><b>Maks. temperatura \u0161obe:<\/b><span style=\"font-weight: 400;\"> 300 \u00b0C<\/span><\/li>\n<li style=\"font-weight: 400;\" aria-level=\"1\"><b>Maks. temperatura grelne plo\u0161\u010de:<\/b><span style=\"font-weight: 400;\"> ~100 \u00b0C<\/span><\/li>\n<li style=\"font-weight: 400;\" aria-level=\"1\"><b>Ekstruder:<\/b><span style=\"font-weight: 400;\"> Direct-drive, utrjena \u0161oba (jeklena\/tri-metal konica), s senzorjem za konec filamenta in magnetnim rezalnikom<\/span><\/li>\n<li style=\"font-weight: 400;\" aria-level=\"1\"><b>Niveliranje:<\/b><span style=\"font-weight: 400;\"> Pametno samodejno niveliranje (samo na ciljnem obmo\u010dju)<\/span><\/li>\n<li style=\"font-weight: 400;\" aria-level=\"1\"><b>Sistem gibanja:<\/b><span style=\"font-weight: 400;\"> CoreXY s step-servo motorji na XY oseh in ekstruderju<\/span><\/li>\n<li style=\"font-weight: 400;\" aria-level=\"1\"><b>Zaslon:<\/b><span style=\"font-weight: 400;\"> 4-pal\u010dni barvni zaslon na dotik<\/span><\/li>\n<li style=\"font-weight: 400;\" aria-level=\"1\"><b>Filament System (CFS):<\/b><span style=\"font-weight: 400;\"> 4 re\u017ee na enoto; razli\u010dica <\/span><i><span style=\"font-weight: 400;\">Combo<\/span><\/i><span style=\"font-weight: 400;\"> vklju\u010duje eno CFS enoto. Mo\u017enost do 16 barv z dodatnimi enotami<\/span><\/li>\n<\/ul>\n","protected":false},"excerpt":{"rendered":"<div class=\"n4sEPd\">\n<div class=\"QFw9Te BLojaf\">\n<div id=\"ow13\" class=\"NQSJo\">Creality K2 Combo v kombinaciji s 4 kilogrami AzureFilm Refill filamentov in paketom 4 Master Spool.ov.<\/div>\n<\/div>\n<\/div>\n","protected":false},"featured_media":93033,"comment_status":"closed","ping_status":"closed","template":"","meta":{"_acf_changed":false},"product_brand":[],"product_cat":[733,739,736,755,735,759],"product_tag":[],"brand":[832],"class_list":{"0":"post-92728","1":"product","2":"type-product","3":"status-publish","4":"has-post-thumbnail","6":"product_cat-3d-tiskalnik","7":"product_cat-creality","8":"product_cat-fdm-tiskalnik","9":"product_cat-posebni-paketi","10":"product_cat-vsi-3d-tiskalniki","11":"product_cat-znizano","12":"brand-creality-sl","14":"first","15":"instock","16":"sale","17":"taxable","18":"shipping-taxable","19":"purchasable","20":"product-type-variable"},"acf":[],"_links":{"self":[{"href":"https:\/\/azurefilm.com\/sl\/wp-json\/wp\/v2\/product\/92728","targetHints":{"allow":["GET"]}}],"collection":[{"href":"https:\/\/azurefilm.com\/sl\/wp-json\/wp\/v2\/product"}],"about":[{"href":"https:\/\/azurefilm.com\/sl\/wp-json\/wp\/v2\/types\/product"}],"replies":[{"embeddable":true,"href":"https:\/\/azurefilm.com\/sl\/wp-json\/wp\/v2\/comments?post=92728"}],"wp:featuredmedia":[{"embeddable":true,"href":"https:\/\/azurefilm.com\/sl\/wp-json\/wp\/v2\/media\/93033"}],"wp:attachment":[{"href":"https:\/\/azurefilm.com\/sl\/wp-json\/wp\/v2\/media?parent=92728"}],"wp:term":[{"taxonomy":"product_brand","embeddable":true,"href":"https:\/\/azurefilm.com\/sl\/wp-json\/wp\/v2\/product_brand?post=92728"},{"taxonomy":"product_cat","embeddable":true,"href":"https:\/\/azurefilm.com\/sl\/wp-json\/wp\/v2\/product_cat?post=92728"},{"taxonomy":"product_tag","embeddable":true,"href":"https:\/\/azurefilm.com\/sl\/wp-json\/wp\/v2\/product_tag?post=92728"},{"taxonomy":"brand","embeddable":true,"href":"https:\/\/azurefilm.com\/sl\/wp-json\/wp\/v2\/brand?post=92728"}],"curies":[{"name":"wp","href":"https:\/\/api.w.org\/{rel}","templated":true}]}}