
{"id":93491,"date":"2025-09-25T04:39:17","date_gmt":"2025-09-25T04:39:17","guid":{"rendered":"https:\/\/azurefilm.com\/?post_type=product&#038;p=93491"},"modified":"2026-03-31T18:57:17","modified_gmt":"2026-03-31T18:57:17","slug":"refill-pla-lumos-filament-glow-in-the-dark-white","status":"publish","type":"product","link":"https:\/\/azurefilm.com\/sl\/izdelek\/refill-pla-lumos-filament-glow-in-the-dark-white\/","title":{"rendered":"Refill PLA Lumos filament Glow in the dark White"},"content":{"rendered":"<h2><b>PLA Lumos<\/b><\/h2>\n<p><span style=\"font-weight: 400;\">Spoznajte Lumos kolekcijo <\/span><b>\u017eivahnega UV sijaja, prosojnimi svetlobnimi &amp; in svetle\u010dimi no\u010dnimi u\u010dinki<\/b><span style=\"font-weight: 400;\">. Ta posebna PLA kolekcija je enostavna za tiskanje in popolna za za\u010detnike.<\/span><\/p>\n<p><b>PLA Lumos filament UV Light Yellow <\/b><span style=\"font-weight: 400;\">se bo svetil pod vsako UV svetlobo. <\/span><b>PLA Lumos filament Glow in the dark White <\/b><span style=\"font-weight: 400;\">se napolni na son\u010dni svetlobi in nato oddaja subtilen sijaj v temi.<\/span><b> PLA Lumos filament Litho White <\/b><span style=\"font-weight: 400;\">omogo\u010da ustvarjanje 3D slik, ki o\u017eivijo, ko skoznje posije svetloba. Katerega boste izbrali?\u00a0<\/span><\/p>\n<p><span style=\"font-weight: 400;\">\u010ce \u017eelite izvedeti ve\u010d o PLA filamentih, preberite na\u0161 <a href=\"https:\/\/azurefilm.com\/sl\/2023\/07\/04\/pla-filamenti\/\" target=\"_blank\" rel=\"noopener\">blog<\/a>.\u00a0<\/span><\/p>\n<p><span style=\"font-weight: 400;\">Tukaj lahko dostopate do <a href=\"https:\/\/azurefilm.com\/sl\/technical-data-sheets\/\" target=\"_blank\" rel=\"noopener\">tehni\u010dnega lista<\/a>.<\/span><\/p>\n<h3><strong>Priporo\u010dila za tiskanje:<\/strong><\/h3>\n<ul>\n<li style=\"font-weight: 400;\" aria-level=\"1\"><span style=\"font-weight: 400;\">Za najbolj\u0161e rezultate tiskajte pri temperaturi 200\u2013230 \u00b0C*.\u00a0<\/span><\/li>\n<li style=\"font-weight: 400;\" aria-level=\"1\"><span style=\"font-weight: 400;\">Priporo\u010dena temperatura grelne mize je 60 \u00b0C.<\/span><\/li>\n<li style=\"font-weight: 400;\" aria-level=\"1\"><span style=\"font-weight: 400;\">Uporabite stekleno plo\u0161\u010do, PEI folijo, kapton ali modri trak za tiskalno povr\u0161ino s pr\u0161ilom 3Dlac.<\/span><\/li>\n<\/ul>\n<p><i><span style=\"font-weight: 400;\">*Idealna temperatura se lahko razlikuje pri uporabi razli\u010dnih tiskalnikov.<\/span><\/i><\/p>\n","protected":false},"excerpt":{"rendered":"<p>Ustvarite vrhunske dizajne in jim omogo\u010dite, da se svetijo v temi z na\u0161im Refill PLA Lumos filament Glow in the dark White.<\/p>\n","protected":false},"featured_media":113895,"comment_status":"closed","ping_status":"closed","template":"","meta":{"_acf_changed":false},"product_brand":[],"product_cat":[805,659,685,687,697,661],"product_tag":[],"brand":[],"class_list":{"0":"post-93491","1":"product","2":"type-product","3":"status-publish","4":"has-post-thumbnail","6":"product_cat-refill-pla-original-sl","7":"product_cat-3d-filamenti","8":"product_cat-pla-filament-sl","9":"product_cat-pla-svetleci-sl","10":"product_cat-refill-filament-brez-koluta-sl","11":"product_cat-vsi-filamenti","12":"pa_colour-white","13":"pa_filament-diameter-1-75mm","14":"pa_filament-weight-1000g","16":"first","17":"instock","18":"taxable","19":"shipping-taxable","20":"purchasable","21":"product-type-variable","22":"has-default-attributes"},"acf":[],"_links":{"self":[{"href":"https:\/\/azurefilm.com\/sl\/wp-json\/wp\/v2\/product\/93491","targetHints":{"allow":["GET"]}}],"collection":[{"href":"https:\/\/azurefilm.com\/sl\/wp-json\/wp\/v2\/product"}],"about":[{"href":"https:\/\/azurefilm.com\/sl\/wp-json\/wp\/v2\/types\/product"}],"replies":[{"embeddable":true,"href":"https:\/\/azurefilm.com\/sl\/wp-json\/wp\/v2\/comments?post=93491"}],"wp:featuredmedia":[{"embeddable":true,"href":"https:\/\/azurefilm.com\/sl\/wp-json\/wp\/v2\/media\/113895"}],"wp:attachment":[{"href":"https:\/\/azurefilm.com\/sl\/wp-json\/wp\/v2\/media?parent=93491"}],"wp:term":[{"taxonomy":"product_brand","embeddable":true,"href":"https:\/\/azurefilm.com\/sl\/wp-json\/wp\/v2\/product_brand?post=93491"},{"taxonomy":"product_cat","embeddable":true,"href":"https:\/\/azurefilm.com\/sl\/wp-json\/wp\/v2\/product_cat?post=93491"},{"taxonomy":"product_tag","embeddable":true,"href":"https:\/\/azurefilm.com\/sl\/wp-json\/wp\/v2\/product_tag?post=93491"},{"taxonomy":"brand","embeddable":true,"href":"https:\/\/azurefilm.com\/sl\/wp-json\/wp\/v2\/brand?post=93491"}],"curies":[{"name":"wp","href":"https:\/\/api.w.org\/{rel}","templated":true}]}}