
{"id":95257,"date":"2025-10-15T08:44:29","date_gmt":"2025-10-15T08:44:29","guid":{"rendered":"https:\/\/azurefilm.com\/?post_type=product&#038;p=95257"},"modified":"2026-02-05T23:16:09","modified_gmt":"2026-02-05T23:16:09","slug":"bambu-lab-p2s","status":"publish","type":"product","link":"https:\/\/azurefilm.com\/sl\/izdelek\/bambu-lab-p2s\/","title":{"rendered":"Bambu Lab P2S"},"content":{"rendered":"<h2><strong>Bambu Lab P2S \u2013 pameten, hiter in zanesljiv<\/strong><\/h2>\n<h3><strong>Mo\u010d sre\u010da natan\u010dnost<\/strong><\/h3>\n<p><span style=\"font-weight: 400;\">Bambu Lab P2S na novo opredeljuje, kaj zmore profesionalni namizni 3D-tiskalnik. Zasnovan za ustvarjalce, ki zahtevajo natan\u010dnost, hitrost in avtomatizacijo, P2S zagotavlja zmogljivost industrijske ravni v kompaktni obliki. Od ve\u010dbarvnih dizajnov do in\u017eenirskih materialov, je va\u0161a ve\u010dnamenska tiskarska zmogljiva naprava.<\/span><\/p>\n<h3><strong>Pametnej\u0161a izku\u0161nja tiskanja<\/strong><\/h3>\n<p><span style=\"font-weight: 400;\">Nova generacija 5-pal\u010dnega zaslona na dotik in nadgrajen uporabni\u0161ki vmesnik omogo\u010data bolj gladko delovanje kot kdaj koli prej. Vsaka funkcija je dostopna na prvi pogled, vgrajena pomo\u010d umetne inteligence pa zagotavlja enostavno in intuitivno delo.<\/span><\/p>\n<h3><strong>Mo\u010dnej\u0161i, hitrej\u0161i, bolj\u0161i<\/strong><\/h3>\n<p><b>Servo motor PMSM <\/b><span style=\"font-weight: 400;\">naslednje generacije, zagotavlja do <\/span><b>8,5 kg ekstruzijske sile <\/b><span style=\"font-weight: 400;\">\u2013 70% ve\u010d kot prej\u0161nji modeli. Njegovi prilagodljivi algoritmi v realnem \u010dasu natan\u010dno uravnavajo pretok ekstruzije, kar zagotavlja dosledne in brezhibne plasti tudi pri visokih hitrostih.<\/span><\/p>\n<h3><strong>Nadzorovano okolje za vsak material<\/strong><\/h3>\n<p><span style=\"font-weight: 400;\">Z <\/span><b>ogrevano komoro do 50 \u00b0C <\/b><span style=\"font-weight: 400;\">in <\/span><b>filtriranim pretokom zraka <\/b><span style=\"font-weight: 400;\">P2S vzdr\u017euje stabilne pogoje tiskanja za napredne materiale. Prilagodljiv sistem pretoka zraka dovaja hladen zrak za izbolj\u0161anje zmogljivosti previsa \u2013 tudi ko je komora popolnoma zaprta.<\/span><\/p>\n<h3><strong>Inteligentno spremljanje in zaznavanje napak<\/strong><\/h3>\n<p><span style=\"font-weight: 400;\">Zaznavanje napak z umetno inteligenco nenehno spremlja va\u0161 tisk in prepozna napake pri tiskanju, odstopanje ali slabe prve plasti, preden povzro\u010dijo izgubo materiala ali \u010dasa. P2S vam omogo\u010da brezskrbno tiskanje vsaki\u010d.<\/span><\/p>\n<h3><strong>Hitra menjava \u0161ob in ve\u010dja vzdr\u017eljivost<\/strong><\/h3>\n<p><span style=\"font-weight: 400;\">Menjava materialov ali vzdr\u017eevanje? Zasnova <\/span><b>vro\u010dega dela s hitro menjavo <\/b><span style=\"font-weight: 400;\">omogo\u010da takoj\u0161njo menjavo \u0161ob \u2013 brez kablov, brez te\u017eav. Oja\u010dani jekleni zobniki in \u0161obe, odporne proti obrabi, samozavestno obvladujejo abrazivne materiale.<\/span><\/p>\n<h3><strong>Zasnovano za sodobne ustvarjalce<\/strong><\/h3>\n<p><span style=\"font-weight: 400;\">Od <\/span><b>snemanja s \u010dasovnim zamikom 1080p <\/b><span style=\"font-weight: 400;\">do <\/span><b>upravljanja prek omre\u017eja Wi-Fi <\/b><span style=\"font-weight: 400;\">in <\/span><b>spremljanja v oblaku <\/b><span style=\"font-weight: 400;\">je vsaka funkcija P2S zasnovana tako, da je 3D-tiskanje pametnej\u0161e, hitrej\u0161e in la\u017eje kot kdaj koli prej.<\/span><\/p>\n<h2><strong>Tehni\u010dne specifikacije<\/strong><\/h2>\n<ul>\n<li style=\"font-weight: 400;\" aria-level=\"1\"><b>Tehnologija tiskanja: <\/b><span style=\"font-weight: 400;\">FFF\/FDM z integracijo AMS<\/span><\/li>\n<li style=\"font-weight: 400;\" aria-level=\"1\"><b>Obseg izdelave: <\/b><span style=\"font-weight: 400;\">(TBA \u2013 ni navedeno v uradnih specifikacijah)<\/span><\/li>\n<li style=\"font-weight: 400;\" aria-level=\"1\"><b>Komora: <\/b><span style=\"font-weight: 400;\">Ogreta do 50 \u00b0C s filtriranim pretokom zraka<\/span><\/li>\n<li style=\"font-weight: 400;\" aria-level=\"1\"><b>Uporabni\u0161ki vmesnik: <\/b><span style=\"font-weight: 400;\">5-pal\u010dni zaslon na dotik, nadgrajeni UI 2.0<\/span><\/li>\n<li style=\"font-weight: 400;\" aria-level=\"1\"><b>Ekstruderski motor: <\/b><span style=\"font-weight: 400;\">servo motor PMSM z ekstruzijsko silo do 8,5 kg<\/span><\/li>\n<li style=\"font-weight: 400;\" aria-level=\"1\"><b>Nadzor pretoka: <\/b><span style=\"font-weight: 400;\">Senzor vrtin\u010dnih tokov s prilagodljivo kompenzacijo v realnem \u010dasu<\/span><\/li>\n<li style=\"font-weight: 400;\" aria-level=\"1\"><b>Hladilni sistem: <\/b><span style=\"font-weight: 400;\">Prilagodljiv pretok zraka z zunanjim dovodom hladnega zraka<\/span><\/li>\n<li style=\"font-weight: 400;\" aria-level=\"1\"><b>Hotend: <\/b><span style=\"font-weight: 400;\">Zasnova za hitro menjavo, brez kablov in orodja<\/span><\/li>\n<li style=\"font-weight: 400;\" aria-level=\"1\"><b>Spremljanje z umetno inteligenco: <\/b><span style=\"font-weight: 400;\">Zazna napake \u0161pagetov, odklop in te\u017eave prve plasti<\/span><\/li>\n<li style=\"font-weight: 400;\" aria-level=\"1\"><b>Oja\u010dane komponente: <\/b><span style=\"font-weight: 400;\">Kaljene \u0161obe in zobniki za abrazivne materiale<\/span><\/li>\n<li style=\"font-weight: 400;\" aria-level=\"1\"><b>Povezljivost: <\/b><span style=\"font-weight: 400;\">Wi-Fi, spremljanje v oblaku in kamera s \u010dasovnim zamikom 1080p<\/span><\/li>\n<\/ul>\n","protected":false},"excerpt":{"rendered":"<p><b>Bambu<\/b> <b>Lab P2S<\/b><span style=\"font-weight: 400;\">\u00a0dviguje namizno 3D tiskanje na nove vi\u0161ine s svojim inteligentnim<\/span><b> servo motorjem PMSM, <\/b><span style=\"font-weight: 400;\">ki zagotavlja <\/span><b>ekstruzijsko silo do 8,5kg<\/b><span style=\"font-weight: 400;\">, prilagodljivim nadzorom pretoka in <\/span><b>ogrevano komoro na 50\u00b0C <\/b><span style=\"font-weight: 400;\">za popolno stabilnost.<\/span><\/p>\n<p><span style=\"font-weight: 400;\">Opremljen s <\/span><b>hitro zamenljivim hotendom <\/b><span style=\"font-weight: 400;\">in <\/span><b>nadzorom tiskanja s pomo\u010djo umetne inteligence<\/b><span style=\"font-weight: 400;\">, P2S zagotavlja, da je vsak tisk hiter, brezhiben in brezskrben \u2013 <\/span><b>AMS 2 Pro ni vklju\u010den <\/b><span style=\"font-weight: 400;\">v ta paket.<\/span><\/p>\n","protected":false},"featured_media":95275,"comment_status":"closed","ping_status":"closed","template":"","meta":{"_acf_changed":false},"product_brand":[],"product_cat":[733,796,736,735,759],"product_tag":[],"brand":[],"class_list":{"0":"post-95257","1":"product","2":"type-product","3":"status-publish","4":"has-post-thumbnail","6":"product_cat-3d-tiskalnik","7":"product_cat-bambu-lab","8":"product_cat-fdm-tiskalnik","9":"product_cat-vsi-3d-tiskalniki","10":"product_cat-znizano","12":"first","13":"outofstock","14":"sale","15":"featured","16":"taxable","17":"shipping-taxable","18":"purchasable","19":"product-type-simple"},"acf":[],"_links":{"self":[{"href":"https:\/\/azurefilm.com\/sl\/wp-json\/wp\/v2\/product\/95257","targetHints":{"allow":["GET"]}}],"collection":[{"href":"https:\/\/azurefilm.com\/sl\/wp-json\/wp\/v2\/product"}],"about":[{"href":"https:\/\/azurefilm.com\/sl\/wp-json\/wp\/v2\/types\/product"}],"replies":[{"embeddable":true,"href":"https:\/\/azurefilm.com\/sl\/wp-json\/wp\/v2\/comments?post=95257"}],"wp:featuredmedia":[{"embeddable":true,"href":"https:\/\/azurefilm.com\/sl\/wp-json\/wp\/v2\/media\/95275"}],"wp:attachment":[{"href":"https:\/\/azurefilm.com\/sl\/wp-json\/wp\/v2\/media?parent=95257"}],"wp:term":[{"taxonomy":"product_brand","embeddable":true,"href":"https:\/\/azurefilm.com\/sl\/wp-json\/wp\/v2\/product_brand?post=95257"},{"taxonomy":"product_cat","embeddable":true,"href":"https:\/\/azurefilm.com\/sl\/wp-json\/wp\/v2\/product_cat?post=95257"},{"taxonomy":"product_tag","embeddable":true,"href":"https:\/\/azurefilm.com\/sl\/wp-json\/wp\/v2\/product_tag?post=95257"},{"taxonomy":"brand","embeddable":true,"href":"https:\/\/azurefilm.com\/sl\/wp-json\/wp\/v2\/brand?post=95257"}],"curies":[{"name":"wp","href":"https:\/\/api.w.org\/{rel}","templated":true}]}}